{"id":5812,"date":"2015-01-15T13:00:18","date_gmt":"2015-01-15T13:00:18","guid":{"rendered":"https:\/\/texteisleiper.pt\/sobre-nos\/"},"modified":"2022-11-29T16:50:43","modified_gmt":"2022-11-29T16:50:43","slug":"sobre-nos","status":"publish","type":"page","link":"https:\/\/texteisleiper.pt\/en\/sobre-nos\/","title":{"rendered":"About us"},"content":{"rendered":"<p>[et_pb_section fb_built=&#8221;1&#8243; fullwidth=&#8221;on&#8221; admin_label=&#8221;Header&#8221; _builder_version=&#8221;4.16&#8243; _module_preset=&#8221;default&#8221; max_width=&#8221;89%&#8221; module_alignment=&#8221;center&#8221; global_colors_info=&#8221;{}&#8221;][et_pb_fullwidth_header title=&#8221;@ET-DC@eyJkeW5hbWljIjp0cnVlLCJjb250ZW50IjoicG9zdF90aXRsZSIsInNldHRpbmdzIjp7ImJlZm9yZSI6IiIsImFmdGVyIjoiIn19@&#8221; text_orientation=&#8221;center&#8221; button_one_text=&#8221;Company Philosophy&#8221; button_two_text=&#8221;Certification&#8221; _builder_version=&#8221;4.16&#8243; _dynamic_attributes=&#8221;title&#8221; _module_preset=&#8221;default&#8221; title_font=&#8221;Urbanist Thin||||||||&#8221; title_text_align=&#8221;center&#8221; title_font_size=&#8221;3.5vw&#8221; background_image=&#8221;https:\/\/texteisleiper.pt\/wp-content\/uploads\/2022\/05\/sobre_nos.jpg&#8221; custom_button_one=&#8221;on&#8221; height=&#8221;500px&#8221; custom_margin=&#8221;||50px|||&#8221; title_font_size_tablet=&#8221;54px&#8221; title_font_size_phone=&#8221;36px&#8221; title_font_size_last_edited=&#8221;on|desktop&#8221; custom_css_header_container=&#8221;height: 100%;&#8221; box_shadow_style=&#8221;preset3&#8243; box_shadow_vertical=&#8221;80px&#8221; box_shadow_blur=&#8221;80px&#8221; box_shadow_spread=&#8221;-55px&#8221; box_shadow_color=&#8221;rgba(0,0,0,0.57)&#8221; global_colors_info=&#8221;{}&#8221;][\/et_pb_fullwidth_header][\/et_pb_section][et_pb_section fb_built=&#8221;1&#8243; admin_label=&#8221;section&#8221; _builder_version=&#8221;4.16&#8243; background_color=&#8221;RGBA(0,0,0,0)&#8221; custom_padding=&#8221;165px||99px|||&#8221; animation_style=&#8221;slide&#8221; animation_direction=&#8221;bottom&#8221; animation_duration=&#8221;1200ms&#8221; animation_delay=&#8221;550ms&#8221; animation_intensity_slide=&#8221;8%&#8221; global_colors_info=&#8221;{}&#8221;][et_pb_row column_structure=&#8221;1_2,1_2&#8243; make_equal=&#8221;on&#8221; admin_label=&#8221;row&#8221; _builder_version=&#8221;4.19.0&#8243; _module_preset=&#8221;59470367-c1dd-45cd-a0bc-1b75589e33e4&#8243; custom_margin=&#8221;|auto|150px|auto||&#8221; global_colors_info=&#8221;{}&#8221;][et_pb_column type=&#8221;1_2&#8243; _builder_version=&#8221;4.19.0&#8243; custom_padding=&#8221;|||&#8221; global_colors_info=&#8221;{}&#8221; custom_padding__hover=&#8221;|||&#8221;][et_pb_text _builder_version=&#8221;4.16&#8243; _module_preset=&#8221;default&#8221; header_font=&#8221;|700||on|||||&#8221; header_font_size=&#8221;48px&#8221; custom_margin=&#8221;||65px|||&#8221; global_colors_info=&#8221;{}&#8221;]<\/p>\n<h1>Company Philosophy<\/h1>\n<p>[\/et_pb_text][et_pb_text admin_label=&#8221;Text&#8221; _builder_version=&#8221;4.19.1&#8243; background_size=&#8221;initial&#8221; background_position=&#8221;top_left&#8221; background_repeat=&#8221;repeat&#8221; global_colors_info=&#8221;{}&#8221;]<\/p>\n<p>A LEIPER, cresceu gradualmente, e de forma consolidada, tendo-se assumido como uma empresa de refer\u00eancia no sector de t\u00eaxteis lar e colchoaria.<br \/>Disp\u00f5e de, sensivelmente, 13.000 m2 de modernas instala\u00e7\u00f5es, divididas em 3 unidades, que abrangem as \u00e1reas funcionais de produ\u00e7\u00e3o, comercial \/marketing e design, armaz\u00e9m e servi\u00e7os de log\u00edstica.<br \/>A empresa possui um sistema de produ\u00e7\u00e3o integrado de edred\u00f5es e t\u00eaxteis lar, com uma elevada capacidade de resposta e competitividade neste tipo de produtos.<br \/><span>O investimento em tecnologia e na forma\u00e7\u00e3o dos recursos humanos \u00e9 uma constante, no que resulta produtos de qualidade, l\u00edderes do mercado.<\/span><br \/>Desde 2010, a empresa viu reconhecida, ininterruptamente, as boas pr\u00e1ticas de gest\u00e3o, sendo-lhe atribu\u00edda a designa\u00e7\u00e3o de PME L\u00cdDER ou PME excel\u00eancia, pelo IAPMEI.<\/p>\n<p style=\"text-align: justify;\">[\/et_pb_text][\/et_pb_column][et_pb_column type=&#8221;1_2&#8243; _builder_version=&#8221;4.19.0&#8243; background_image=&#8221;https:\/\/texteisleiper.pt\/wp-content\/uploads\/2022\/11\/1-3.jpg&#8221; parallax=&#8221;on&#8221; custom_padding=&#8221;|||&#8221; box_shadow_style=&#8221;preset2&#8243; box_shadow_vertical=&#8221;18px&#8221; box_shadow_blur=&#8221;65px&#8221; box_shadow_spread=&#8221;-3px&#8221; global_colors_info=&#8221;{}&#8221; custom_padding__hover=&#8221;|||&#8221; custom_css_main_element_last_edited=&#8221;off|phone&#8221; custom_css_main_element_tablet=&#8221;min-height: 300px;&#8221; custom_css_main_element_phone=&#8221;min-height: 300px;&#8221;][et_pb_image src=&#8221;https:\/\/texteisleiper.pt\/wp-content\/uploads\/2021\/11\/vertical3-min.png&#8221; title_text=&#8221;vertical3-min&#8221; disabled_on=&#8221;on|on|on&#8221; _builder_version=&#8221;4.16&#8243; _module_preset=&#8221;default&#8221; transform_translate=&#8221;-50px|0px&#8221; transform_translate_linked=&#8221;off&#8221; width=&#8221;280px&#8221; scroll_vertical_motion_enable=&#8221;on&#8221; scroll_vertical_motion=&#8221;24|64|64|84|1|0|-1&#8243; box_shadow_style=&#8221;preset2&#8243; box_shadow_blur=&#8221;77px&#8221; box_shadow_spread=&#8221;-4px&#8221; disabled=&#8221;on&#8221; global_colors_info=&#8221;{}&#8221;][\/et_pb_image][et_pb_divider show_divider=&#8221;off&#8221; _builder_version=&#8221;4.19.0&#8243; _module_preset=&#8221;default&#8221; min_height_tablet=&#8221;100px&#8221; min_height_last_edited=&#8221;off|tablet&#8221; height=&#8221;0px&#8221; height_tablet=&#8221;500px&#8221; height_phone=&#8221;300px&#8221; height_last_edited=&#8221;on|phone&#8221; global_colors_info=&#8221;{}&#8221;][\/et_pb_divider][\/et_pb_column][\/et_pb_row][et_pb_row column_structure=&#8221;1_2,1_2&#8243; make_equal=&#8221;on&#8221; admin_label=&#8221;row&#8221; _builder_version=&#8221;4.19.0&#8243; _module_preset=&#8221;59470367-c1dd-45cd-a0bc-1b75589e33e4&#8243; custom_margin=&#8221;|auto|150px|auto||&#8221; global_colors_info=&#8221;{}&#8221;][et_pb_column type=&#8221;1_2&#8243; _builder_version=&#8221;4.16&#8243; custom_padding=&#8221;|||&#8221; global_colors_info=&#8221;{}&#8221; custom_padding__hover=&#8221;|||&#8221;][et_pb_text _builder_version=&#8221;4.16&#8243; _module_preset=&#8221;default&#8221; header_font=&#8221;|700||on|||||&#8221; header_font_size=&#8221;48px&#8221; custom_margin=&#8221;||65px|||&#8221; global_colors_info=&#8221;{}&#8221;]<\/p>\n<h1>Mission and Values<\/h1>\n<p>[\/et_pb_text][et_pb_text admin_label=&#8221;Text&#8221; _builder_version=&#8221;4.16&#8243; background_size=&#8221;initial&#8221; background_position=&#8221;top_left&#8221; background_repeat=&#8221;repeat&#8221; global_colors_info=&#8221;{}&#8221;]<\/p>\n<p>Leiper wants to be recognized in the market as an excellent and cutting edge agent in the home textiles and bedding sector.<br \/>With a strong focus on the customer, we believe in a set of values that shape competence.<br \/>The position we intend to achieve in the business areas in which we operate is built, day by day, through a solid set of values, which condition our performance:<\/p>\n<p><strong>L<\/strong>eadership<br \/><strong>E<\/strong>ffort<br \/><strong>I<\/strong>nnovation<br \/><strong>P<\/strong>roductivity<br \/><strong>\u00c9<\/strong>thic<br \/><strong>R<\/strong>esponsibility<\/p>\n<p style=\"text-align: justify;\">[\/et_pb_text][\/et_pb_column][et_pb_column type=&#8221;1_2&#8243; _builder_version=&#8221;4.19.0&#8243; background_image=&#8221;https:\/\/texteisleiper.pt\/wp-content\/uploads\/2022\/11\/1.3.jpg&#8221; parallax=&#8221;on&#8221; custom_padding=&#8221;|||&#8221; box_shadow_style=&#8221;preset2&#8243; box_shadow_vertical=&#8221;18px&#8221; box_shadow_blur=&#8221;65px&#8221; box_shadow_spread=&#8221;-3px&#8221; global_colors_info=&#8221;{}&#8221; custom_padding__hover=&#8221;|||&#8221;][et_pb_image src=&#8221;https:\/\/texteisleiper.pt\/wp-content\/uploads\/2021\/11\/vertical3-min.png&#8221; title_text=&#8221;vertical3-min&#8221; disabled_on=&#8221;on|on|on&#8221; _builder_version=&#8221;4.16&#8243; _module_preset=&#8221;default&#8221; transform_translate=&#8221;-50px|0px&#8221; transform_translate_linked=&#8221;off&#8221; width=&#8221;280px&#8221; scroll_vertical_motion_enable=&#8221;on&#8221; scroll_vertical_motion=&#8221;24|64|64|84|1|0|-1&#8243; box_shadow_style=&#8221;preset2&#8243; box_shadow_blur=&#8221;77px&#8221; box_shadow_spread=&#8221;-4px&#8221; disabled=&#8221;on&#8221; global_colors_info=&#8221;{}&#8221;][\/et_pb_image][et_pb_divider show_divider=&#8221;off&#8221; _builder_version=&#8221;4.19.0&#8243; _module_preset=&#8221;default&#8221; min_height_tablet=&#8221;100px&#8221; min_height_last_edited=&#8221;off|tablet&#8221; height=&#8221;0px&#8221; height_tablet=&#8221;500px&#8221; height_phone=&#8221;300px&#8221; height_last_edited=&#8221;on|phone&#8221; locked=&#8221;off&#8221; global_colors_info=&#8221;{}&#8221;][\/et_pb_divider][\/et_pb_column][\/et_pb_row][et_pb_row column_structure=&#8221;1_2,1_2&#8243; make_equal=&#8221;on&#8221; admin_label=&#8221;row&#8221; _builder_version=&#8221;4.19.0&#8243; _module_preset=&#8221;59470367-c1dd-45cd-a0bc-1b75589e33e4&#8243; global_colors_info=&#8221;{}&#8221;][et_pb_column type=&#8221;1_2&#8243; _builder_version=&#8221;4.16&#8243; custom_padding=&#8221;|||&#8221; global_colors_info=&#8221;{}&#8221; custom_padding__hover=&#8221;|||&#8221;][et_pb_text _builder_version=&#8221;4.16&#8243; _module_preset=&#8221;default&#8221; header_font=&#8221;|700||on|||||&#8221; header_font_size=&#8221;48px&#8221; custom_margin=&#8221;||65px|||&#8221; global_colors_info=&#8221;{}&#8221;]<\/p>\n<h1>Quality Policy<\/h1>\n<p>[\/et_pb_text][et_pb_text admin_label=&#8221;Text&#8221; _builder_version=&#8221;4.19.1&#8243; background_size=&#8221;initial&#8221; background_position=&#8221;top_left&#8221; background_repeat=&#8221;repeat&#8221; hover_enabled=&#8221;0&#8243; global_colors_info=&#8221;{}&#8221; sticky_enabled=&#8221;0&#8243;]<\/p>\n<p>For us, quality is measured in terms of satisfaction, loyalty and fulfilment of the highest expectations. To achieve this goal, we invest in production technology and employee training. We also promote an organizational culture that encourages compliance with requirements, continuous improvement of the quality management system processes, business processes and the development of solutions that provide added value for the company and the market.<\/p>\n<p>[\/et_pb_text][et_pb_image src=&#8221;https:\/\/texteisleiper.pt\/wp-content\/uploads\/2021\/11\/iso.jpg&#8221; title_text=&#8221;Imprimer&#8221; _builder_version=&#8221;4.16&#8243; _module_preset=&#8221;default&#8221; width=&#8221;110px&#8221; width_tablet=&#8221;110px&#8221; width_phone=&#8221;70px&#8221; width_last_edited=&#8221;on|phone&#8221; custom_margin=&#8221;|30px|||false|false&#8221; custom_margin_tablet=&#8221;|||7%|false|false&#8221; custom_margin_phone=&#8221;|||5px|false|false&#8221; custom_margin_last_edited=&#8221;on|phone&#8221; custom_css_main_element=&#8221;display: inline-block;&#8221; global_colors_info=&#8221;{}&#8221;][\/et_pb_image][et_pb_image src=&#8221;https:\/\/texteisleiper.pt\/wp-content\/uploads\/2022\/10\/PME_Lider_2021_2D_cores.jpg&#8221; title_text=&#8221;PME_Lider_2021_2D_cores&#8221; _builder_version=&#8221;4.16&#8243; _module_preset=&#8221;default&#8221; width=&#8221;90px&#8221; width_tablet=&#8221;90px&#8221; width_phone=&#8221;60px&#8221; width_last_edited=&#8221;on|tablet&#8221; custom_margin=&#8221;|20px|||false|false&#8221; custom_margin_tablet=&#8221;|||12%|false|false&#8221; custom_margin_phone=&#8221;|||0px|false|false&#8221; custom_margin_last_edited=&#8221;on|tablet&#8221; custom_css_main_element=&#8221;display: inline-block;&#8221; global_colors_info=&#8221;{}&#8221;][\/et_pb_image][et_pb_image src=&#8221;https:\/\/texteisleiper.pt\/wp-content\/uploads\/2022\/10\/oeko-tex-confidence-in-textiles-standard-100-logo-vector.png&#8221; title_text=&#8221;oeko-tex-confidence-in-textiles-standard-100-logo-vector&#8221; _builder_version=&#8221;4.16&#8243; _module_preset=&#8221;default&#8221; width=&#8221;170px&#8221; width_tablet=&#8221;150px&#8221; width_phone=&#8221;130px&#8221; width_last_edited=&#8221;on|tablet&#8221; custom_margin_tablet=&#8221;|||9%|false|false&#8221; custom_margin_phone=&#8221;|||0px|false|false&#8221; custom_margin_last_edited=&#8221;on|tablet&#8221; custom_css_main_element=&#8221;display: inline-block;&#8221; global_colors_info=&#8221;{}&#8221;][\/et_pb_image][\/et_pb_column][et_pb_column type=&#8221;1_2&#8243; _builder_version=&#8221;4.19.0&#8243; background_image=&#8221;https:\/\/texteisleiper.pt\/wp-content\/uploads\/2022\/05\/texteisLar.jpg&#8221; parallax=&#8221;on&#8221; custom_padding=&#8221;|||&#8221; box_shadow_style=&#8221;preset2&#8243; box_shadow_vertical=&#8221;18px&#8221; box_shadow_blur=&#8221;65px&#8221; box_shadow_spread=&#8221;-3px&#8221; global_colors_info=&#8221;{}&#8221; custom_padding__hover=&#8221;|||&#8221;][et_pb_image src=&#8221;https:\/\/texteisleiper.pt\/wp-content\/uploads\/2022\/05\/texteisLar.jpg&#8221; title_text=&#8221;texteisLar&#8221; disabled_on=&#8221;on|on|on&#8221; _builder_version=&#8221;4.16&#8243; _module_preset=&#8221;default&#8221; transform_translate=&#8221;-50px|0px&#8221; transform_translate_linked=&#8221;off&#8221; width=&#8221;280px&#8221; scroll_vertical_motion_enable=&#8221;on&#8221; scroll_vertical_motion=&#8221;24|64|64|84|1|0|-1&#8243; box_shadow_style=&#8221;preset2&#8243; box_shadow_blur=&#8221;77px&#8221; box_shadow_spread=&#8221;-4px&#8221; disabled=&#8221;on&#8221; global_colors_info=&#8221;{}&#8221;][\/et_pb_image][et_pb_divider show_divider=&#8221;off&#8221; _builder_version=&#8221;4.19.0&#8243; _module_preset=&#8221;default&#8221; min_height_tablet=&#8221;100px&#8221; min_height_last_edited=&#8221;off|tablet&#8221; height=&#8221;0px&#8221; height_tablet=&#8221;500px&#8221; height_phone=&#8221;300px&#8221; height_last_edited=&#8221;on|phone&#8221; locked=&#8221;off&#8221; global_colors_info=&#8221;{}&#8221;][\/et_pb_divider][\/et_pb_column][\/et_pb_row][\/et_pb_section]<\/p>\n","protected":false},"excerpt":{"rendered":"<p>Company PhilosophyA LEIPER, cresceu gradualmente, e de forma consolidada, tendo-se assumido como uma empresa de refer\u00eancia no sector de t\u00eaxteis lar e colchoaria.Disp\u00f5e de, sensivelmente, 13.000 m2 de modernas instala\u00e7\u00f5es, divididas em 3 unidades, que abrangem as \u00e1reas funcionais de produ\u00e7\u00e3o, comercial \/marketing e design, armaz\u00e9m e servi\u00e7os de log\u00edstica.A empresa possui um sistema de [&hellip;]<\/p>\n","protected":false},"author":2,"featured_media":0,"parent":0,"menu_order":0,"comment_status":"closed","ping_status":"closed","template":"","meta":{"_et_pb_use_builder":"on","_et_pb_old_content":"","_et_gb_content_width":"","inline_featured_image":false},"yoast_head":"<!-- This site is optimized with the Yoast SEO Premium plugin v20.8 (Yoast SEO v20.8) - https:\/\/yoast.com\/wordpress\/plugins\/seo\/ -->\n<title>Leiper\u00ae | About us<\/title>\n<meta name=\"description\" content=\"LEIPER is an institutional acronym based on the family name of the managing partners (Rui Leite Pereira, C\u00e2ndida Pereira and Miguel Leite Pereira)\" \/>\n<meta name=\"robots\" content=\"index, follow, max-snippet:-1, max-image-preview:large, max-video-preview:-1\" \/>\n<link rel=\"canonical\" href=\"https:\/\/texteisleiper.pt\/en\/sobre-nos\/\" \/>\n<meta property=\"og:locale\" content=\"en_US\" \/>\n<meta property=\"og:type\" content=\"article\" \/>\n<meta property=\"og:title\" content=\"About us\" \/>\n<meta property=\"og:description\" content=\"LEIPER is an institutional acronym based on the family name of the managing partners (Rui Leite Pereira, C\u00e2ndida Pereira and Miguel Leite Pereira)\" \/>\n<meta property=\"og:url\" content=\"https:\/\/texteisleiper.pt\/en\/sobre-nos\/\" \/>\n<meta property=\"og:site_name\" content=\"Leiper\u00ae\" \/>\n<meta property=\"article:publisher\" content=\"https:\/\/www.facebook.com\/TexteisLeiper\" \/>\n<meta property=\"article:modified_time\" content=\"2022-11-29T16:50:43+00:00\" \/>\n<meta name=\"twitter:card\" content=\"summary_large_image\" \/>\n<meta name=\"twitter:label1\" content=\"Est. reading time\" \/>\n\t<meta name=\"twitter:data1\" content=\"7 minutes\" \/>\n<script type=\"application\/ld+json\" class=\"yoast-schema-graph\">{\"@context\":\"https:\/\/schema.org\",\"@graph\":[{\"@type\":\"WebPage\",\"@id\":\"https:\/\/texteisleiper.pt\/en\/sobre-nos\/\",\"url\":\"https:\/\/texteisleiper.pt\/en\/sobre-nos\/\",\"name\":\"Leiper\u00ae | About us\",\"isPartOf\":{\"@id\":\"https:\/\/texteisleiper.pt\/#website\"},\"datePublished\":\"2015-01-15T13:00:18+00:00\",\"dateModified\":\"2022-11-29T16:50:43+00:00\",\"description\":\"LEIPER is an institutional acronym based on the family name of the managing partners (Rui Leite Pereira, C\u00e2ndida Pereira and Miguel Leite Pereira)\",\"breadcrumb\":{\"@id\":\"https:\/\/texteisleiper.pt\/en\/sobre-nos\/#breadcrumb\"},\"inLanguage\":\"en-US\",\"potentialAction\":[{\"@type\":\"ReadAction\",\"target\":[\"https:\/\/texteisleiper.pt\/en\/sobre-nos\/\"]}]},{\"@type\":\"BreadcrumbList\",\"@id\":\"https:\/\/texteisleiper.pt\/en\/sobre-nos\/#breadcrumb\",\"itemListElement\":[{\"@type\":\"ListItem\",\"position\":1,\"name\":\"In\u00edcio\",\"item\":\"https:\/\/texteisleiper.pt\/en\/\"},{\"@type\":\"ListItem\",\"position\":2,\"name\":\"About us\"}]},{\"@type\":\"WebSite\",\"@id\":\"https:\/\/texteisleiper.pt\/#website\",\"url\":\"https:\/\/texteisleiper.pt\/\",\"name\":\"T\u00eaxteis Leiper\u00ae\",\"description\":\"Thinking Home Textiles\",\"publisher\":{\"@id\":\"https:\/\/texteisleiper.pt\/#organization\"},\"potentialAction\":[{\"@type\":\"SearchAction\",\"target\":{\"@type\":\"EntryPoint\",\"urlTemplate\":\"https:\/\/texteisleiper.pt\/?s={search_term_string}\"},\"query-input\":\"required name=search_term_string\"}],\"inLanguage\":\"en-US\"},{\"@type\":\"Organization\",\"@id\":\"https:\/\/texteisleiper.pt\/#organization\",\"name\":\"T\u00eaxteis Leiper\u00ae\",\"url\":\"https:\/\/texteisleiper.pt\/\",\"logo\":{\"@type\":\"ImageObject\",\"inLanguage\":\"en-US\",\"@id\":\"https:\/\/texteisleiper.pt\/#\/schema\/logo\/image\/\",\"url\":\"https:\/\/texteisleiper.pt\/wp-content\/uploads\/2020\/01\/LOGO.1.png\",\"contentUrl\":\"https:\/\/texteisleiper.pt\/wp-content\/uploads\/2020\/01\/LOGO.1.png\",\"width\":444,\"height\":194,\"caption\":\"T\u00eaxteis Leiper\u00ae\"},\"image\":{\"@id\":\"https:\/\/texteisleiper.pt\/#\/schema\/logo\/image\/\"},\"sameAs\":[\"https:\/\/www.facebook.com\/TexteisLeiper\"]}]}<\/script>\n<!-- \/ Yoast SEO Premium plugin. -->","yoast_head_json":{"title":"Leiper\u00ae | About us","description":"LEIPER is an institutional acronym based on the family name of the managing partners (Rui Leite Pereira, C\u00e2ndida Pereira and Miguel Leite Pereira)","robots":{"index":"index","follow":"follow","max-snippet":"max-snippet:-1","max-image-preview":"max-image-preview:large","max-video-preview":"max-video-preview:-1"},"canonical":"https:\/\/texteisleiper.pt\/en\/sobre-nos\/","og_locale":"en_US","og_type":"article","og_title":"About us","og_description":"LEIPER is an institutional acronym based on the family name of the managing partners (Rui Leite Pereira, C\u00e2ndida Pereira and Miguel Leite Pereira)","og_url":"https:\/\/texteisleiper.pt\/en\/sobre-nos\/","og_site_name":"Leiper\u00ae","article_publisher":"https:\/\/www.facebook.com\/TexteisLeiper","article_modified_time":"2022-11-29T16:50:43+00:00","twitter_card":"summary_large_image","twitter_misc":{"Est. reading time":"7 minutes"},"schema":{"@context":"https:\/\/schema.org","@graph":[{"@type":"WebPage","@id":"https:\/\/texteisleiper.pt\/en\/sobre-nos\/","url":"https:\/\/texteisleiper.pt\/en\/sobre-nos\/","name":"Leiper\u00ae | About us","isPartOf":{"@id":"https:\/\/texteisleiper.pt\/#website"},"datePublished":"2015-01-15T13:00:18+00:00","dateModified":"2022-11-29T16:50:43+00:00","description":"LEIPER is an institutional acronym based on the family name of the managing partners (Rui Leite Pereira, C\u00e2ndida Pereira and Miguel Leite Pereira)","breadcrumb":{"@id":"https:\/\/texteisleiper.pt\/en\/sobre-nos\/#breadcrumb"},"inLanguage":"en-US","potentialAction":[{"@type":"ReadAction","target":["https:\/\/texteisleiper.pt\/en\/sobre-nos\/"]}]},{"@type":"BreadcrumbList","@id":"https:\/\/texteisleiper.pt\/en\/sobre-nos\/#breadcrumb","itemListElement":[{"@type":"ListItem","position":1,"name":"In\u00edcio","item":"https:\/\/texteisleiper.pt\/en\/"},{"@type":"ListItem","position":2,"name":"About us"}]},{"@type":"WebSite","@id":"https:\/\/texteisleiper.pt\/#website","url":"https:\/\/texteisleiper.pt\/","name":"T\u00eaxteis Leiper\u00ae","description":"Thinking Home Textiles","publisher":{"@id":"https:\/\/texteisleiper.pt\/#organization"},"potentialAction":[{"@type":"SearchAction","target":{"@type":"EntryPoint","urlTemplate":"https:\/\/texteisleiper.pt\/?s={search_term_string}"},"query-input":"required name=search_term_string"}],"inLanguage":"en-US"},{"@type":"Organization","@id":"https:\/\/texteisleiper.pt\/#organization","name":"T\u00eaxteis Leiper\u00ae","url":"https:\/\/texteisleiper.pt\/","logo":{"@type":"ImageObject","inLanguage":"en-US","@id":"https:\/\/texteisleiper.pt\/#\/schema\/logo\/image\/","url":"https:\/\/texteisleiper.pt\/wp-content\/uploads\/2020\/01\/LOGO.1.png","contentUrl":"https:\/\/texteisleiper.pt\/wp-content\/uploads\/2020\/01\/LOGO.1.png","width":444,"height":194,"caption":"T\u00eaxteis Leiper\u00ae"},"image":{"@id":"https:\/\/texteisleiper.pt\/#\/schema\/logo\/image\/"},"sameAs":["https:\/\/www.facebook.com\/TexteisLeiper"]}]}},"_links":{"self":[{"href":"https:\/\/texteisleiper.pt\/en\/wp-json\/wp\/v2\/pages\/5812"}],"collection":[{"href":"https:\/\/texteisleiper.pt\/en\/wp-json\/wp\/v2\/pages"}],"about":[{"href":"https:\/\/texteisleiper.pt\/en\/wp-json\/wp\/v2\/types\/page"}],"author":[{"embeddable":true,"href":"https:\/\/texteisleiper.pt\/en\/wp-json\/wp\/v2\/users\/2"}],"replies":[{"embeddable":true,"href":"https:\/\/texteisleiper.pt\/en\/wp-json\/wp\/v2\/comments?post=5812"}],"version-history":[{"count":12,"href":"https:\/\/texteisleiper.pt\/en\/wp-json\/wp\/v2\/pages\/5812\/revisions"}],"predecessor-version":[{"id":6046,"href":"https:\/\/texteisleiper.pt\/en\/wp-json\/wp\/v2\/pages\/5812\/revisions\/6046"}],"wp:attachment":[{"href":"https:\/\/texteisleiper.pt\/en\/wp-json\/wp\/v2\/media?parent=5812"}],"curies":[{"name":"wp","href":"https:\/\/api.w.org\/{rel}","templated":true}]}}