{"id":6663,"date":"2024-02-05T16:18:10","date_gmt":"2024-02-05T16:18:10","guid":{"rendered":"https:\/\/texteisleiper.pt\/diversificacao-da-producao-para-novo-produto-inovacao-organizacional-de-marketing-e-igualdade-de-genero\/"},"modified":"2024-02-06T16:37:51","modified_gmt":"2024-02-06T16:37:51","slug":"diversificacao-da-producao-para-novo-produto-inovacao-organizacional-de-marketing-e-igualdade-de-genero","status":"publish","type":"page","link":"https:\/\/texteisleiper.pt\/en\/diversificacao-da-producao-para-novo-produto-inovacao-organizacional-de-marketing-e-igualdade-de-genero\/","title":{"rendered":"Diversifica\u00e7\u00e3o da Produ\u00e7\u00e3o para novo produto, inova\u00e7\u00e3o organizacional, de marketing e igualdade de g\u00eanero."},"content":{"rendered":"<p>[et_pb_section fb_built=&#8221;1&#8243; fullwidth=&#8221;on&#8221; admin_label=&#8221;Header&#8221; _builder_version=&#8221;4.16&#8243; _module_preset=&#8221;default&#8221; max_width=&#8221;89%&#8221; module_alignment=&#8221;center&#8221; global_colors_info=&#8221;{}&#8221;][et_pb_fullwidth_header title=&#8221;@ET-DC@eyJkeW5hbWljIjp0cnVlLCJjb250ZW50IjoicG9zdF90aXRsZSIsInNldHRpbmdzIjp7ImJlZm9yZSI6IiIsImFmdGVyIjoiIn19@&#8221; text_orientation=&#8221;center&#8221; _builder_version=&#8221;4.19.1&#8243; _dynamic_attributes=&#8221;title&#8221; _module_preset=&#8221;default&#8221; title_font=&#8221;Urbanist Thin||||||||&#8221; title_text_align=&#8221;center&#8221; title_font_size=&#8221;50px&#8221; background_image=&#8221;https:\/\/texteisleiper.pt\/wp-content\/uploads\/2022\/06\/projects.jpg&#8221; custom_button_one=&#8221;on&#8221; height=&#8221;500px&#8221; custom_margin=&#8221;||50px|||&#8221; title_font_size_tablet=&#8221;44px&#8221; title_font_size_phone=&#8221;26px&#8221; title_font_size_last_edited=&#8221;on|phone&#8221; custom_css_header_container=&#8221;height: 100%;&#8221; box_shadow_style=&#8221;preset3&#8243; box_shadow_vertical=&#8221;80px&#8221; box_shadow_blur=&#8221;80px&#8221; box_shadow_spread=&#8221;-55px&#8221; box_shadow_color=&#8221;rgba(0,0,0,0.57)&#8221; global_colors_info=&#8221;{}&#8221;][\/et_pb_fullwidth_header][\/et_pb_section][et_pb_section fb_built=&#8221;1&#8243; _builder_version=&#8221;4.19.1&#8243; _module_preset=&#8221;default&#8221; global_colors_info=&#8221;{}&#8221;][et_pb_row admin_label=&#8221;row&#8221; _builder_version=&#8221;4.16&#8243; background_size=&#8221;initial&#8221; background_position=&#8221;top_left&#8221; background_repeat=&#8221;repeat&#8221; global_colors_info=&#8221;{}&#8221;][et_pb_column type=&#8221;4_4&#8243; _builder_version=&#8221;4.16&#8243; custom_padding=&#8221;|||&#8221; global_colors_info=&#8221;{}&#8221; custom_padding__hover=&#8221;|||&#8221;][et_pb_image src=&#8221;https:\/\/texteisleiper.pt\/wp-content\/uploads\/2017\/10\/barra_feder.jpg&#8221; _builder_version=&#8221;4.19.1&#8243; _module_preset=&#8221;default&#8221; title_text=&#8221;barra feder&#8221; max_width_last_edited=&#8221;on|phone&#8221; max_width=&#8221;70%&#8221; hover_enabled=&#8221;0&#8243; sticky_enabled=&#8221;0&#8243; max_width_tablet=&#8221;90%&#8221; max_width_phone=&#8221;100%&#8221;][\/et_pb_image][et_pb_text admin_label=&#8221;Text&#8221; _builder_version=&#8221;4.19.1&#8243; background_size=&#8221;initial&#8221; background_position=&#8221;top_left&#8221; background_repeat=&#8221;repeat&#8221; hover_enabled=&#8221;0&#8243; global_colors_info=&#8221;{}&#8221; sticky_enabled=&#8221;0&#8243;]<\/p>\n<p><b>Designa\u00e7\u00e3o do Projeto: <\/b><span style=\"font-weight: 400;\">Diversifica\u00e7\u00e3o da Produ\u00e7\u00e3o para novo produto, inova\u00e7\u00e3o organizacional, de marketing e igualdade de g\u00eanero.<\/span><\/p>\n<p><b>N\u00ba Projeto:<\/b><span style=\"font-weight: 400;\"> 17490<\/span><\/p>\n<p><b>C\u00f3digo do projeto: <\/b><span style=\"font-weight: 400;\">NORTE-02-0853-FEDER-017490 \/ NORTE-06-3560-FSE-017490<\/span><\/p>\n<p><b>Objetivo principal:<\/b><span style=\"font-weight: 400;\"> Refor\u00e7ar a competitividade das pequenas e medias empresas<\/span><\/p>\n<p><b>Regi\u00e3o de interven\u00e7\u00e3o: <\/b><span style=\"font-weight: 400;\">NORTE<\/span><\/p>\n<p><b>Entidade benefici\u00e1ria: <\/b><span style=\"font-weight: 400;\">T\u00caXTEIS LEIPER, LDA<\/span><\/p>\n<p>&nbsp;<\/p>\n<p><b>Data de aprova\u00e7\u00e3o: <\/b><span style=\"font-weight: 400;\">02-11- 2016<\/span><\/p>\n<p><b>Data de in\u00edcio: <\/b><span style=\"font-weight: 400;\">07-03- 2016<\/span><\/p>\n<p><b>Data de conclus\u00e3o: <\/b><span style=\"font-weight: 400;\">06-03- 2018<\/span><\/p>\n<p><b>Custo total eleg\u00edvel: <\/b><span style=\"font-weight: 400;\">740.152,00 \u20ac<\/span><\/p>\n<p><b>Apoio financeiro da Uni\u00e3o Europeia: <\/b><span style=\"font-weight: 400;\">FEDER \u2013 367.750,00 \u20ac FSE \u2013 2.791,20\u20ac<\/span><\/p>\n<p>&nbsp;<\/p>\n<p><b>Objetivos, atividades e resultados esperados\/atingidos: <\/b><\/p>\n<p><span style=\"font-weight: 400;\">Diversifica\u00e7\u00e3o da Produ\u00e7\u00e3o para novo produto, inova\u00e7\u00e3o organizacional, de marketing e igualdade de g\u00eanero.<\/span><\/p>\n<p><span style=\"font-weight: 400;\">Os objetivos da empresa passam por:<\/span><\/p>\n<ul>\n<li style=\"font-weight: 400;\"><span style=\"font-weight: 400;\">Diversifica\u00e7\u00e3o da produ\u00e7\u00e3o para produtos n\u00e3o produzidos anteriormente, criando uma nova \u00e1rea de neg\u00f3cio (produ\u00e7\u00e3o de tecido jacquard);<\/span><\/li>\n<li style=\"font-weight: 400;\"><span style=\"font-weight: 400;\">Cria\u00e7\u00e3o de uma nova sec\u00e7\u00e3o produtiva que sustente a diversifica\u00e7\u00e3o de produtos ambicionada;<\/span><\/li>\n<li style=\"font-weight: 400;\"><span style=\"font-weight: 400;\">Refor\u00e7ar o quadro de pessoal, essencialmente afeto \u00e0 nova sec\u00e7\u00e3o produtiva e \u00e0 produ\u00e7\u00e3o do novo produto, crescendo mais de 20% face ao pr\u00e9 projeto;<\/span><\/li>\n<li style=\"font-weight: 400;\"><span style=\"font-weight: 400;\">Diferencia\u00e7\u00e3o de produtos com aposta decisiva em novos produtos que permitam entrar em novos mercados;<\/span><\/li>\n<li style=\"font-weight: 400;\"><span style=\"font-weight: 400;\">Crescimento do VN total em cerca de 91% e da rentabilidade pela entrada em novos mercados e com uma maior diversifica\u00e7\u00e3o produtiva;<\/span><\/li>\n<li style=\"font-weight: 400;\"><span style=\"font-weight: 400;\">Alargamento do posicionamento na cadeia de valor;<\/span><\/li>\n<li style=\"font-weight: 400;\"><span style=\"font-weight: 400;\">Elevar o VBP em perto de 90% e o VAB em 135% face ao pr\u00e9 projeto fruto do investimento previsto;<\/span><\/li>\n<li style=\"font-weight: 400;\"><span style=\"font-weight: 400;\">Incrementar posicionamento estrat\u00e9gico, atrav\u00e9s da apresenta\u00e7\u00e3o de um novo produto, nos mercados em que j\u00e1 atuamos e, atrav\u00e9s da diversifica\u00e7\u00e3o da produ\u00e7\u00e3o sermos tamb\u00e9m capazes de diversificar os mercados de atua\u00e7\u00e3o;<\/span><\/li>\n<li style=\"font-weight: 400;\"><span style=\"font-weight: 400;\">Apostar em novos modelos e t\u00e9cnicas de marketing, quer pela via da consultoria especializada, quer pela forma\u00e7\u00e3o profissional, garantindo acr\u00e9scimos de notoriedade e reconhecimento das marcas e empresa na ordem dos 50%;<\/span><\/li>\n<li style=\"font-weight: 400;\"><span style=\"font-weight: 400;\">Elevar a competitividade e inova\u00e7\u00e3o organizacional, quer pela via da consultoria especializada, quer pela forma\u00e7\u00e3o profissional que potencie processos de inova\u00e7\u00e3o em 100% dos processos de gest\u00e3o;<\/span><\/li>\n<li style=\"font-weight: 400;\"><span style=\"font-weight: 400;\">Apostar na internacionaliza\u00e7\u00e3o com aumento do peso do VN Internacional para perto de 50% no VN total e diversifica\u00e7\u00e3o de produtos, de clientes e mercados (atingir 12 mercados internacionais, 7 dos quais novos mercados).<\/span>\u00a0<\/li>\n<\/ul>\n<p>[\/et_pb_text][\/et_pb_column][\/et_pb_row][\/et_pb_section][et_pb_section fb_built=&#8221;1&#8243; _builder_version=&#8221;4.19.1&#8243; _module_preset=&#8221;default&#8221; background_color=&#8221;#FFFFFF&#8221; positioning=&#8221;none&#8221; position_origin_f=&#8221;bottom_center&#8221; vertical_offset=&#8221;-2px&#8221; global_colors_info=&#8221;{}&#8221;][et_pb_row _builder_version=&#8221;4.19.1&#8243; _module_preset=&#8221;default&#8221; positioning=&#8221;none&#8221; position_origin_a=&#8221;bottom_center&#8221; vertical_offset=&#8221;-2px&#8221; custom_margin=&#8221;||0px||false|false&#8221; custom_padding=&#8221;||0px||false|false&#8221; global_colors_info=&#8221;{}&#8221;][et_pb_column type=&#8221;4_4&#8243; _builder_version=&#8221;4.19.1&#8243; _module_preset=&#8221;default&#8221; global_colors_info=&#8221;{}&#8221;][et_pb_image src=&#8221;https:\/\/texteisleiper.pt\/wp-content\/uploads\/2017\/10\/barra_feder.jpg&#8221; title_text=&#8221;barra feder&#8221; align=&#8221;center&#8221; force_fullwidth=&#8221;on&#8221; disabled_on=&#8221;off|off|on&#8221; _builder_version=&#8221;4.19.1&#8243; _module_preset=&#8221;default&#8221; background_color=&#8221;#FFFFFF&#8221; positioning=&#8221;fixed&#8221; position_origin_f=&#8221;bottom_center&#8221; vertical_offset=&#8221;-2px&#8221; z_index=&#8221;999&#8243; global_colors_info=&#8221;{}&#8221;][\/et_pb_image][\/et_pb_column][\/et_pb_row][\/et_pb_section]<\/p>\n","protected":false},"excerpt":{"rendered":"<p>Designa\u00e7\u00e3o do Projeto: Diversifica\u00e7\u00e3o da Produ\u00e7\u00e3o para novo produto, inova\u00e7\u00e3o organizacional, de marketing e igualdade de g\u00eanero. N\u00ba Projeto: 17490 C\u00f3digo do projeto: NORTE-02-0853-FEDER-017490 \/ NORTE-06-3560-FSE-017490 Objetivo principal: Refor\u00e7ar a competitividade das pequenas e medias empresas Regi\u00e3o de interven\u00e7\u00e3o: NORTE Entidade benefici\u00e1ria: T\u00caXTEIS LEIPER, LDA &nbsp; Data de aprova\u00e7\u00e3o: 02-11- 2016 Data de in\u00edcio: 07-03- [&hellip;]<\/p>\n","protected":false},"author":3,"featured_media":0,"parent":0,"menu_order":0,"comment_status":"closed","ping_status":"closed","template":"","meta":{"_et_pb_use_builder":"on","_et_pb_old_content":"","_et_gb_content_width":"","inline_featured_image":false},"yoast_head":"<!-- This site is optimized with the Yoast SEO Premium plugin v20.8 (Yoast SEO v20.8) - https:\/\/yoast.com\/wordpress\/plugins\/seo\/ -->\n<title>Leiper\u00ae | Diversifica\u00e7\u00e3o da Produ\u00e7\u00e3o para novo produto, inova\u00e7\u00e3o organizacional, de marketing e igualdade de g\u00eanero.<\/title>\n<meta name=\"robots\" content=\"index, follow, max-snippet:-1, max-image-preview:large, max-video-preview:-1\" \/>\n<link rel=\"canonical\" href=\"https:\/\/texteisleiper.pt\/diversificacao-da-producao-para-novo-produto-inovacao-organizacional-de-marketing-e-igualdade-de-genero\/\" \/>\n<meta property=\"og:locale\" content=\"en_US\" \/>\n<meta property=\"og:type\" content=\"article\" \/>\n<meta property=\"og:title\" content=\"Diversifica\u00e7\u00e3o da Produ\u00e7\u00e3o para novo produto, inova\u00e7\u00e3o organizacional, de marketing e igualdade de g\u00eanero.\" \/>\n<meta property=\"og:description\" content=\"Designa\u00e7\u00e3o do Projeto: Diversifica\u00e7\u00e3o da Produ\u00e7\u00e3o para novo produto, inova\u00e7\u00e3o organizacional, de marketing e igualdade de g\u00eanero. N\u00ba Projeto: 17490 C\u00f3digo do projeto: NORTE-02-0853-FEDER-017490 \/ NORTE-06-3560-FSE-017490 Objetivo principal: Refor\u00e7ar a competitividade das pequenas e medias empresas Regi\u00e3o de interven\u00e7\u00e3o: NORTE Entidade benefici\u00e1ria: T\u00caXTEIS LEIPER, LDA &nbsp; Data de aprova\u00e7\u00e3o: 02-11- 2016 Data de in\u00edcio: 07-03- [&hellip;]\" \/>\n<meta property=\"og:url\" content=\"https:\/\/texteisleiper.pt\/diversificacao-da-producao-para-novo-produto-inovacao-organizacional-de-marketing-e-igualdade-de-genero\/\" \/>\n<meta property=\"og:site_name\" content=\"Leiper\u00ae\" \/>\n<meta property=\"article:publisher\" content=\"https:\/\/www.facebook.com\/TexteisLeiper\" \/>\n<meta property=\"article:modified_time\" content=\"2024-02-06T16:37:51+00:00\" \/>\n<meta name=\"twitter:card\" content=\"summary_large_image\" \/>\n<script type=\"application\/ld+json\" class=\"yoast-schema-graph\">{\"@context\":\"https:\/\/schema.org\",\"@graph\":[{\"@type\":\"WebPage\",\"@id\":\"https:\/\/texteisleiper.pt\/diversificacao-da-producao-para-novo-produto-inovacao-organizacional-de-marketing-e-igualdade-de-genero\/\",\"url\":\"https:\/\/texteisleiper.pt\/diversificacao-da-producao-para-novo-produto-inovacao-organizacional-de-marketing-e-igualdade-de-genero\/\",\"name\":\"Leiper\u00ae | Diversifica\u00e7\u00e3o da Produ\u00e7\u00e3o para novo produto, inova\u00e7\u00e3o organizacional, de marketing e igualdade de g\u00eanero.\",\"isPartOf\":{\"@id\":\"https:\/\/texteisleiper.pt\/#website\"},\"datePublished\":\"2024-02-05T16:18:10+00:00\",\"dateModified\":\"2024-02-06T16:37:51+00:00\",\"breadcrumb\":{\"@id\":\"https:\/\/texteisleiper.pt\/diversificacao-da-producao-para-novo-produto-inovacao-organizacional-de-marketing-e-igualdade-de-genero\/#breadcrumb\"},\"inLanguage\":\"en-US\",\"potentialAction\":[{\"@type\":\"ReadAction\",\"target\":[\"https:\/\/texteisleiper.pt\/diversificacao-da-producao-para-novo-produto-inovacao-organizacional-de-marketing-e-igualdade-de-genero\/\"]}]},{\"@type\":\"BreadcrumbList\",\"@id\":\"https:\/\/texteisleiper.pt\/diversificacao-da-producao-para-novo-produto-inovacao-organizacional-de-marketing-e-igualdade-de-genero\/#breadcrumb\",\"itemListElement\":[{\"@type\":\"ListItem\",\"position\":1,\"name\":\"In\u00edcio\",\"item\":\"https:\/\/texteisleiper.pt\/en\/\"},{\"@type\":\"ListItem\",\"position\":2,\"name\":\"Diversifica\u00e7\u00e3o da Produ\u00e7\u00e3o para novo produto, inova\u00e7\u00e3o organizacional, de marketing e igualdade de g\u00eanero.\"}]},{\"@type\":\"WebSite\",\"@id\":\"https:\/\/texteisleiper.pt\/#website\",\"url\":\"https:\/\/texteisleiper.pt\/\",\"name\":\"T\u00eaxteis Leiper\u00ae\",\"description\":\"Thinking Home Textiles\",\"publisher\":{\"@id\":\"https:\/\/texteisleiper.pt\/#organization\"},\"potentialAction\":[{\"@type\":\"SearchAction\",\"target\":{\"@type\":\"EntryPoint\",\"urlTemplate\":\"https:\/\/texteisleiper.pt\/?s={search_term_string}\"},\"query-input\":\"required name=search_term_string\"}],\"inLanguage\":\"en-US\"},{\"@type\":\"Organization\",\"@id\":\"https:\/\/texteisleiper.pt\/#organization\",\"name\":\"T\u00eaxteis Leiper\u00ae\",\"url\":\"https:\/\/texteisleiper.pt\/\",\"logo\":{\"@type\":\"ImageObject\",\"inLanguage\":\"en-US\",\"@id\":\"https:\/\/texteisleiper.pt\/#\/schema\/logo\/image\/\",\"url\":\"https:\/\/texteisleiper.pt\/wp-content\/uploads\/2020\/01\/LOGO.1.png\",\"contentUrl\":\"https:\/\/texteisleiper.pt\/wp-content\/uploads\/2020\/01\/LOGO.1.png\",\"width\":444,\"height\":194,\"caption\":\"T\u00eaxteis Leiper\u00ae\"},\"image\":{\"@id\":\"https:\/\/texteisleiper.pt\/#\/schema\/logo\/image\/\"},\"sameAs\":[\"https:\/\/www.facebook.com\/TexteisLeiper\"]}]}<\/script>\n<!-- \/ Yoast SEO Premium plugin. -->","yoast_head_json":{"title":"Leiper\u00ae | Diversifica\u00e7\u00e3o da Produ\u00e7\u00e3o para novo produto, inova\u00e7\u00e3o organizacional, de marketing e igualdade de g\u00eanero.","robots":{"index":"index","follow":"follow","max-snippet":"max-snippet:-1","max-image-preview":"max-image-preview:large","max-video-preview":"max-video-preview:-1"},"canonical":"https:\/\/texteisleiper.pt\/diversificacao-da-producao-para-novo-produto-inovacao-organizacional-de-marketing-e-igualdade-de-genero\/","og_locale":"en_US","og_type":"article","og_title":"Diversifica\u00e7\u00e3o da Produ\u00e7\u00e3o para novo produto, inova\u00e7\u00e3o organizacional, de marketing e igualdade de g\u00eanero.","og_description":"Designa\u00e7\u00e3o do Projeto: Diversifica\u00e7\u00e3o da Produ\u00e7\u00e3o para novo produto, inova\u00e7\u00e3o organizacional, de marketing e igualdade de g\u00eanero. N\u00ba Projeto: 17490 C\u00f3digo do projeto: NORTE-02-0853-FEDER-017490 \/ NORTE-06-3560-FSE-017490 Objetivo principal: Refor\u00e7ar a competitividade das pequenas e medias empresas Regi\u00e3o de interven\u00e7\u00e3o: NORTE Entidade benefici\u00e1ria: T\u00caXTEIS LEIPER, LDA &nbsp; Data de aprova\u00e7\u00e3o: 02-11- 2016 Data de in\u00edcio: 07-03- [&hellip;]","og_url":"https:\/\/texteisleiper.pt\/diversificacao-da-producao-para-novo-produto-inovacao-organizacional-de-marketing-e-igualdade-de-genero\/","og_site_name":"Leiper\u00ae","article_publisher":"https:\/\/www.facebook.com\/TexteisLeiper","article_modified_time":"2024-02-06T16:37:51+00:00","twitter_card":"summary_large_image","schema":{"@context":"https:\/\/schema.org","@graph":[{"@type":"WebPage","@id":"https:\/\/texteisleiper.pt\/diversificacao-da-producao-para-novo-produto-inovacao-organizacional-de-marketing-e-igualdade-de-genero\/","url":"https:\/\/texteisleiper.pt\/diversificacao-da-producao-para-novo-produto-inovacao-organizacional-de-marketing-e-igualdade-de-genero\/","name":"Leiper\u00ae | Diversifica\u00e7\u00e3o da Produ\u00e7\u00e3o para novo produto, inova\u00e7\u00e3o organizacional, de marketing e igualdade de g\u00eanero.","isPartOf":{"@id":"https:\/\/texteisleiper.pt\/#website"},"datePublished":"2024-02-05T16:18:10+00:00","dateModified":"2024-02-06T16:37:51+00:00","breadcrumb":{"@id":"https:\/\/texteisleiper.pt\/diversificacao-da-producao-para-novo-produto-inovacao-organizacional-de-marketing-e-igualdade-de-genero\/#breadcrumb"},"inLanguage":"en-US","potentialAction":[{"@type":"ReadAction","target":["https:\/\/texteisleiper.pt\/diversificacao-da-producao-para-novo-produto-inovacao-organizacional-de-marketing-e-igualdade-de-genero\/"]}]},{"@type":"BreadcrumbList","@id":"https:\/\/texteisleiper.pt\/diversificacao-da-producao-para-novo-produto-inovacao-organizacional-de-marketing-e-igualdade-de-genero\/#breadcrumb","itemListElement":[{"@type":"ListItem","position":1,"name":"In\u00edcio","item":"https:\/\/texteisleiper.pt\/en\/"},{"@type":"ListItem","position":2,"name":"Diversifica\u00e7\u00e3o da Produ\u00e7\u00e3o para novo produto, inova\u00e7\u00e3o organizacional, de marketing e igualdade de g\u00eanero."}]},{"@type":"WebSite","@id":"https:\/\/texteisleiper.pt\/#website","url":"https:\/\/texteisleiper.pt\/","name":"T\u00eaxteis Leiper\u00ae","description":"Thinking Home Textiles","publisher":{"@id":"https:\/\/texteisleiper.pt\/#organization"},"potentialAction":[{"@type":"SearchAction","target":{"@type":"EntryPoint","urlTemplate":"https:\/\/texteisleiper.pt\/?s={search_term_string}"},"query-input":"required name=search_term_string"}],"inLanguage":"en-US"},{"@type":"Organization","@id":"https:\/\/texteisleiper.pt\/#organization","name":"T\u00eaxteis Leiper\u00ae","url":"https:\/\/texteisleiper.pt\/","logo":{"@type":"ImageObject","inLanguage":"en-US","@id":"https:\/\/texteisleiper.pt\/#\/schema\/logo\/image\/","url":"https:\/\/texteisleiper.pt\/wp-content\/uploads\/2020\/01\/LOGO.1.png","contentUrl":"https:\/\/texteisleiper.pt\/wp-content\/uploads\/2020\/01\/LOGO.1.png","width":444,"height":194,"caption":"T\u00eaxteis Leiper\u00ae"},"image":{"@id":"https:\/\/texteisleiper.pt\/#\/schema\/logo\/image\/"},"sameAs":["https:\/\/www.facebook.com\/TexteisLeiper"]}]}},"_links":{"self":[{"href":"https:\/\/texteisleiper.pt\/en\/wp-json\/wp\/v2\/pages\/6663"}],"collection":[{"href":"https:\/\/texteisleiper.pt\/en\/wp-json\/wp\/v2\/pages"}],"about":[{"href":"https:\/\/texteisleiper.pt\/en\/wp-json\/wp\/v2\/types\/page"}],"author":[{"embeddable":true,"href":"https:\/\/texteisleiper.pt\/en\/wp-json\/wp\/v2\/users\/3"}],"replies":[{"embeddable":true,"href":"https:\/\/texteisleiper.pt\/en\/wp-json\/wp\/v2\/comments?post=6663"}],"version-history":[{"count":8,"href":"https:\/\/texteisleiper.pt\/en\/wp-json\/wp\/v2\/pages\/6663\/revisions"}],"predecessor-version":[{"id":6826,"href":"https:\/\/texteisleiper.pt\/en\/wp-json\/wp\/v2\/pages\/6663\/revisions\/6826"}],"wp:attachment":[{"href":"https:\/\/texteisleiper.pt\/en\/wp-json\/wp\/v2\/media?parent=6663"}],"curies":[{"name":"wp","href":"https:\/\/api.w.org\/{rel}","templated":true}]}}