{"id":6674,"date":"2024-02-05T16:24:16","date_gmt":"2024-02-05T16:24:16","guid":{"rendered":"https:\/\/texteisleiper.pt\/apoio-no-ambito-do-sistema-de-incentivos-a-internacionalizacao\/"},"modified":"2024-02-06T16:34:53","modified_gmt":"2024-02-06T16:34:53","slug":"apoio-no-ambito-do-sistema-de-incentivos-a-internacionalizacao","status":"publish","type":"page","link":"https:\/\/texteisleiper.pt\/en\/apoio-no-ambito-do-sistema-de-incentivos-a-internacionalizacao\/","title":{"rendered":"Apoio no \u00e2mbito do sistema de incentivos \u00e1 Internacionaliza\u00e7\u00e3o"},"content":{"rendered":"<p>[et_pb_section fb_built=&#8221;1&#8243; fullwidth=&#8221;on&#8221; admin_label=&#8221;Header&#8221; _builder_version=&#8221;4.16&#8243; _module_preset=&#8221;default&#8221; max_width=&#8221;89%&#8221; module_alignment=&#8221;center&#8221; global_colors_info=&#8221;{}&#8221;][et_pb_fullwidth_header title=&#8221;@ET-DC@eyJkeW5hbWljIjp0cnVlLCJjb250ZW50IjoicG9zdF90aXRsZSIsInNldHRpbmdzIjp7ImJlZm9yZSI6IiIsImFmdGVyIjoiIn19@&#8221; text_orientation=&#8221;center&#8221; _builder_version=&#8221;4.19.1&#8243; _dynamic_attributes=&#8221;title&#8221; _module_preset=&#8221;default&#8221; title_font=&#8221;Urbanist Thin||||||||&#8221; title_text_align=&#8221;center&#8221; title_font_size=&#8221;50px&#8221; background_image=&#8221;https:\/\/texteisleiper.pt\/wp-content\/uploads\/2022\/06\/projects.jpg&#8221; custom_button_one=&#8221;on&#8221; height=&#8221;500px&#8221; custom_margin=&#8221;||50px|||&#8221; title_font_size_tablet=&#8221;44px&#8221; title_font_size_phone=&#8221;26px&#8221; title_font_size_last_edited=&#8221;on|phone&#8221; custom_css_header_container=&#8221;height: 100%;&#8221; box_shadow_style=&#8221;preset3&#8243; box_shadow_vertical=&#8221;80px&#8221; box_shadow_blur=&#8221;80px&#8221; box_shadow_spread=&#8221;-55px&#8221; box_shadow_color=&#8221;rgba(0,0,0,0.57)&#8221; global_colors_info=&#8221;{}&#8221;][\/et_pb_fullwidth_header][\/et_pb_section][et_pb_section fb_built=&#8221;1&#8243; _builder_version=&#8221;4.19.1&#8243; _module_preset=&#8221;default&#8221; global_colors_info=&#8221;{}&#8221;][et_pb_row admin_label=&#8221;row&#8221; _builder_version=&#8221;4.16&#8243; background_size=&#8221;initial&#8221; background_position=&#8221;top_left&#8221; background_repeat=&#8221;repeat&#8221; global_colors_info=&#8221;{}&#8221;][et_pb_column type=&#8221;4_4&#8243; _builder_version=&#8221;4.16&#8243; custom_padding=&#8221;|||&#8221; global_colors_info=&#8221;{}&#8221; custom_padding__hover=&#8221;|||&#8221;][et_pb_image src=&#8221;https:\/\/texteisleiper.pt\/wp-content\/uploads\/2024\/02\/Compete2020-LEIPER.png&#8221; _builder_version=&#8221;4.19.1&#8243; _module_preset=&#8221;default&#8221; title_text=&#8221;Compete2020 LEIPER&#8221; max_width_last_edited=&#8221;on|phone&#8221; max_width=&#8221;60%&#8221; hover_enabled=&#8221;0&#8243; sticky_enabled=&#8221;0&#8243; max_width_tablet=&#8221;90%&#8221; max_width_phone=&#8221;100%&#8221;][\/et_pb_image][et_pb_text admin_label=&#8221;Text&#8221; _builder_version=&#8221;4.19.1&#8243; background_size=&#8221;initial&#8221; background_position=&#8221;top_left&#8221; background_repeat=&#8221;repeat&#8221; hover_enabled=&#8221;0&#8243; global_colors_info=&#8221;{}&#8221; sticky_enabled=&#8221;0&#8243;]<\/p>\n<p><strong>Projeto n\u00ba 42400<\/strong><\/p>\n<p><strong>C\u00f3digo Universal: POCI-02-0752-FEDER-042400<\/strong><\/p>\n<p><strong>Apoio no \u00e2mbito do sistema de incentivos \u00e1 Internacionaliza\u00e7\u00e3o<\/strong><\/p>\n<p><strong>Designa\u00e7\u00e3o do Projeto:<\/strong> Internacionaliza\u00e7\u00e3o e aposta no e-commerce<\/p>\n<p><strong>Regi\u00e3o de Interven\u00e7\u00e3o: <\/strong>Norte<\/p>\n<p><strong>Entidade benefici\u00e1ria: <\/strong>T\u00caXTEIS LEIPER LDA<\/p>\n<p><strong>\u00a0<\/strong><\/p>\n<p><strong>Data de in\u00edcio: <\/strong>2019-03-13<\/p>\n<p><strong>Data de conclus\u00e3o: <\/strong>2023-01-31<\/p>\n<p>&nbsp;<\/p>\n<p><strong>Custo total eleg\u00edvel:<\/strong> 282.700,00\u20ac<\/p>\n<p><strong>Apoio financeiro da Uni\u00e3o Europeia:<\/strong> FEDER \u2013 127.215,00\u20ac<\/p>\n<p>&nbsp;<\/p>\n<p><strong>S\u00edntese do Projeto:<\/strong><\/p>\n<p>Internacionaliza\u00e7\u00e3o e aposta no e-commerce.<\/p>\n<p>Os objetivos estrat\u00e9gicos passam por:<\/p>\n<ul>\n<li>Crescimento VN total em 58% e do VN internacional (204%) passando este a representar mais de 65% VN total;<\/li>\n<li>Elevar a notoriedade, reconhecimento e visibilidade internacional da marca;<\/li>\n<li>Incrementar posicionamento estrat\u00e9gico nos mercados em que j\u00e1 atuamos e ser capazes de diversificar os mercados de atua\u00e7\u00e3o;<\/li>\n<li>Apostar em novos modelos e t\u00e9cnicas de marketing e forte presen\u00e7a na economia digital (ecommerce) como fator de neg\u00f3cios, promo\u00e7\u00e3o e notoriedade, refletindo-se no acr\u00e9scimo das encomendas e gest\u00e3o de encomendas, em cerca de 20%, nomeadamente por esta via;<\/li>\n<li>Refor\u00e7o RH qualificados.<\/li>\n<\/ul>\n<p>[\/et_pb_text][\/et_pb_column][\/et_pb_row][\/et_pb_section][et_pb_section fb_built=&#8221;1&#8243; _builder_version=&#8221;4.19.1&#8243; _module_preset=&#8221;default&#8221; background_color=&#8221;#FFFFFF&#8221; positioning=&#8221;none&#8221; position_origin_f=&#8221;bottom_center&#8221; vertical_offset=&#8221;-2px&#8221; global_colors_info=&#8221;{}&#8221;][et_pb_row _builder_version=&#8221;4.19.1&#8243; _module_preset=&#8221;default&#8221; positioning=&#8221;none&#8221; position_origin_a=&#8221;bottom_center&#8221; vertical_offset=&#8221;-2px&#8221; custom_margin=&#8221;||0px||false|false&#8221; custom_padding=&#8221;||0px||false|false&#8221; global_colors_info=&#8221;{}&#8221;][et_pb_column type=&#8221;4_4&#8243; _builder_version=&#8221;4.19.1&#8243; _module_preset=&#8221;default&#8221; global_colors_info=&#8221;{}&#8221;][et_pb_image src=&#8221;https:\/\/texteisleiper.pt\/wp-content\/uploads\/2024\/02\/Compete2020-LEIPER.png&#8221; title_text=&#8221;Compete2020 LEIPER&#8221; align=&#8221;center&#8221; force_fullwidth=&#8221;on&#8221; disabled_on=&#8221;off|off|on&#8221; _builder_version=&#8221;4.19.1&#8243; _module_preset=&#8221;default&#8221; background_color=&#8221;#FFFFFF&#8221; positioning=&#8221;fixed&#8221; position_origin_f=&#8221;bottom_center&#8221; vertical_offset=&#8221;-2px&#8221; z_index=&#8221;999&#8243; hover_enabled=&#8221;0&#8243; global_colors_info=&#8221;{}&#8221; sticky_enabled=&#8221;0&#8243;][\/et_pb_image][\/et_pb_column][\/et_pb_row][\/et_pb_section]<\/p>\n","protected":false},"excerpt":{"rendered":"<p>Projeto n\u00ba 42400 C\u00f3digo Universal: POCI-02-0752-FEDER-042400 Apoio no \u00e2mbito do sistema de incentivos \u00e1 Internacionaliza\u00e7\u00e3o Designa\u00e7\u00e3o do Projeto: Internacionaliza\u00e7\u00e3o e aposta no e-commerce Regi\u00e3o de Interven\u00e7\u00e3o: Norte Entidade benefici\u00e1ria: T\u00caXTEIS LEIPER LDA \u00a0 Data de in\u00edcio: 2019-03-13 Data de conclus\u00e3o: 2023-01-31 &nbsp; Custo total eleg\u00edvel: 282.700,00\u20ac Apoio financeiro da Uni\u00e3o Europeia: FEDER \u2013 127.215,00\u20ac &nbsp; [&hellip;]<\/p>\n","protected":false},"author":3,"featured_media":0,"parent":0,"menu_order":0,"comment_status":"closed","ping_status":"closed","template":"","meta":{"_et_pb_use_builder":"on","_et_pb_old_content":"","_et_gb_content_width":"","inline_featured_image":false},"yoast_head":"<!-- This site is optimized with the Yoast SEO Premium plugin v20.8 (Yoast SEO v20.8) - https:\/\/yoast.com\/wordpress\/plugins\/seo\/ -->\n<title>Leiper\u00ae | Apoio no \u00e2mbito do sistema de incentivos \u00e1 Internacionaliza\u00e7\u00e3o<\/title>\n<meta name=\"robots\" content=\"index, follow, max-snippet:-1, max-image-preview:large, max-video-preview:-1\" \/>\n<link rel=\"canonical\" href=\"https:\/\/texteisleiper.pt\/en\/apoio-no-ambito-do-sistema-de-incentivos-a-internacionalizacao\/\" \/>\n<meta property=\"og:locale\" content=\"en_US\" \/>\n<meta property=\"og:type\" content=\"article\" \/>\n<meta property=\"og:title\" content=\"Apoio no \u00e2mbito do sistema de incentivos \u00e1 Internacionaliza\u00e7\u00e3o\" \/>\n<meta property=\"og:description\" content=\"Projeto n\u00ba 42400 C\u00f3digo Universal: POCI-02-0752-FEDER-042400 Apoio no \u00e2mbito do sistema de incentivos \u00e1 Internacionaliza\u00e7\u00e3o Designa\u00e7\u00e3o do Projeto: Internacionaliza\u00e7\u00e3o e aposta no e-commerce Regi\u00e3o de Interven\u00e7\u00e3o: Norte Entidade benefici\u00e1ria: T\u00caXTEIS LEIPER LDA \u00a0 Data de in\u00edcio: 2019-03-13 Data de conclus\u00e3o: 2023-01-31 &nbsp; Custo total eleg\u00edvel: 282.700,00\u20ac Apoio financeiro da Uni\u00e3o Europeia: FEDER \u2013 127.215,00\u20ac &nbsp; [&hellip;]\" \/>\n<meta property=\"og:url\" content=\"https:\/\/texteisleiper.pt\/en\/apoio-no-ambito-do-sistema-de-incentivos-a-internacionalizacao\/\" \/>\n<meta property=\"og:site_name\" content=\"Leiper\u00ae\" \/>\n<meta property=\"article:publisher\" content=\"https:\/\/www.facebook.com\/TexteisLeiper\" \/>\n<meta property=\"article:modified_time\" content=\"2024-02-06T16:34:53+00:00\" \/>\n<meta name=\"twitter:card\" content=\"summary_large_image\" \/>\n<script type=\"application\/ld+json\" class=\"yoast-schema-graph\">{\"@context\":\"https:\/\/schema.org\",\"@graph\":[{\"@type\":\"WebPage\",\"@id\":\"https:\/\/texteisleiper.pt\/en\/apoio-no-ambito-do-sistema-de-incentivos-a-internacionalizacao\/\",\"url\":\"https:\/\/texteisleiper.pt\/en\/apoio-no-ambito-do-sistema-de-incentivos-a-internacionalizacao\/\",\"name\":\"Leiper\u00ae | Apoio no \u00e2mbito do sistema de incentivos \u00e1 Internacionaliza\u00e7\u00e3o\",\"isPartOf\":{\"@id\":\"https:\/\/texteisleiper.pt\/#website\"},\"datePublished\":\"2024-02-05T16:24:16+00:00\",\"dateModified\":\"2024-02-06T16:34:53+00:00\",\"breadcrumb\":{\"@id\":\"https:\/\/texteisleiper.pt\/en\/apoio-no-ambito-do-sistema-de-incentivos-a-internacionalizacao\/#breadcrumb\"},\"inLanguage\":\"en-US\",\"potentialAction\":[{\"@type\":\"ReadAction\",\"target\":[\"https:\/\/texteisleiper.pt\/en\/apoio-no-ambito-do-sistema-de-incentivos-a-internacionalizacao\/\"]}]},{\"@type\":\"BreadcrumbList\",\"@id\":\"https:\/\/texteisleiper.pt\/en\/apoio-no-ambito-do-sistema-de-incentivos-a-internacionalizacao\/#breadcrumb\",\"itemListElement\":[{\"@type\":\"ListItem\",\"position\":1,\"name\":\"In\u00edcio\",\"item\":\"https:\/\/texteisleiper.pt\/en\/\"},{\"@type\":\"ListItem\",\"position\":2,\"name\":\"Apoio no \u00e2mbito do sistema de incentivos \u00e1 Internacionaliza\u00e7\u00e3o\"}]},{\"@type\":\"WebSite\",\"@id\":\"https:\/\/texteisleiper.pt\/#website\",\"url\":\"https:\/\/texteisleiper.pt\/\",\"name\":\"T\u00eaxteis Leiper\u00ae\",\"description\":\"Thinking Home Textiles\",\"publisher\":{\"@id\":\"https:\/\/texteisleiper.pt\/#organization\"},\"potentialAction\":[{\"@type\":\"SearchAction\",\"target\":{\"@type\":\"EntryPoint\",\"urlTemplate\":\"https:\/\/texteisleiper.pt\/?s={search_term_string}\"},\"query-input\":\"required name=search_term_string\"}],\"inLanguage\":\"en-US\"},{\"@type\":\"Organization\",\"@id\":\"https:\/\/texteisleiper.pt\/#organization\",\"name\":\"T\u00eaxteis Leiper\u00ae\",\"url\":\"https:\/\/texteisleiper.pt\/\",\"logo\":{\"@type\":\"ImageObject\",\"inLanguage\":\"en-US\",\"@id\":\"https:\/\/texteisleiper.pt\/#\/schema\/logo\/image\/\",\"url\":\"https:\/\/texteisleiper.pt\/wp-content\/uploads\/2020\/01\/LOGO.1.png\",\"contentUrl\":\"https:\/\/texteisleiper.pt\/wp-content\/uploads\/2020\/01\/LOGO.1.png\",\"width\":444,\"height\":194,\"caption\":\"T\u00eaxteis Leiper\u00ae\"},\"image\":{\"@id\":\"https:\/\/texteisleiper.pt\/#\/schema\/logo\/image\/\"},\"sameAs\":[\"https:\/\/www.facebook.com\/TexteisLeiper\"]}]}<\/script>\n<!-- \/ Yoast SEO Premium plugin. -->","yoast_head_json":{"title":"Leiper\u00ae | Apoio no \u00e2mbito do sistema de incentivos \u00e1 Internacionaliza\u00e7\u00e3o","robots":{"index":"index","follow":"follow","max-snippet":"max-snippet:-1","max-image-preview":"max-image-preview:large","max-video-preview":"max-video-preview:-1"},"canonical":"https:\/\/texteisleiper.pt\/en\/apoio-no-ambito-do-sistema-de-incentivos-a-internacionalizacao\/","og_locale":"en_US","og_type":"article","og_title":"Apoio no \u00e2mbito do sistema de incentivos \u00e1 Internacionaliza\u00e7\u00e3o","og_description":"Projeto n\u00ba 42400 C\u00f3digo Universal: POCI-02-0752-FEDER-042400 Apoio no \u00e2mbito do sistema de incentivos \u00e1 Internacionaliza\u00e7\u00e3o Designa\u00e7\u00e3o do Projeto: Internacionaliza\u00e7\u00e3o e aposta no e-commerce Regi\u00e3o de Interven\u00e7\u00e3o: Norte Entidade benefici\u00e1ria: T\u00caXTEIS LEIPER LDA \u00a0 Data de in\u00edcio: 2019-03-13 Data de conclus\u00e3o: 2023-01-31 &nbsp; Custo total eleg\u00edvel: 282.700,00\u20ac Apoio financeiro da Uni\u00e3o Europeia: FEDER \u2013 127.215,00\u20ac &nbsp; [&hellip;]","og_url":"https:\/\/texteisleiper.pt\/en\/apoio-no-ambito-do-sistema-de-incentivos-a-internacionalizacao\/","og_site_name":"Leiper\u00ae","article_publisher":"https:\/\/www.facebook.com\/TexteisLeiper","article_modified_time":"2024-02-06T16:34:53+00:00","twitter_card":"summary_large_image","schema":{"@context":"https:\/\/schema.org","@graph":[{"@type":"WebPage","@id":"https:\/\/texteisleiper.pt\/en\/apoio-no-ambito-do-sistema-de-incentivos-a-internacionalizacao\/","url":"https:\/\/texteisleiper.pt\/en\/apoio-no-ambito-do-sistema-de-incentivos-a-internacionalizacao\/","name":"Leiper\u00ae | Apoio no \u00e2mbito do sistema de incentivos \u00e1 Internacionaliza\u00e7\u00e3o","isPartOf":{"@id":"https:\/\/texteisleiper.pt\/#website"},"datePublished":"2024-02-05T16:24:16+00:00","dateModified":"2024-02-06T16:34:53+00:00","breadcrumb":{"@id":"https:\/\/texteisleiper.pt\/en\/apoio-no-ambito-do-sistema-de-incentivos-a-internacionalizacao\/#breadcrumb"},"inLanguage":"en-US","potentialAction":[{"@type":"ReadAction","target":["https:\/\/texteisleiper.pt\/en\/apoio-no-ambito-do-sistema-de-incentivos-a-internacionalizacao\/"]}]},{"@type":"BreadcrumbList","@id":"https:\/\/texteisleiper.pt\/en\/apoio-no-ambito-do-sistema-de-incentivos-a-internacionalizacao\/#breadcrumb","itemListElement":[{"@type":"ListItem","position":1,"name":"In\u00edcio","item":"https:\/\/texteisleiper.pt\/en\/"},{"@type":"ListItem","position":2,"name":"Apoio no \u00e2mbito do sistema de incentivos \u00e1 Internacionaliza\u00e7\u00e3o"}]},{"@type":"WebSite","@id":"https:\/\/texteisleiper.pt\/#website","url":"https:\/\/texteisleiper.pt\/","name":"T\u00eaxteis Leiper\u00ae","description":"Thinking Home Textiles","publisher":{"@id":"https:\/\/texteisleiper.pt\/#organization"},"potentialAction":[{"@type":"SearchAction","target":{"@type":"EntryPoint","urlTemplate":"https:\/\/texteisleiper.pt\/?s={search_term_string}"},"query-input":"required name=search_term_string"}],"inLanguage":"en-US"},{"@type":"Organization","@id":"https:\/\/texteisleiper.pt\/#organization","name":"T\u00eaxteis Leiper\u00ae","url":"https:\/\/texteisleiper.pt\/","logo":{"@type":"ImageObject","inLanguage":"en-US","@id":"https:\/\/texteisleiper.pt\/#\/schema\/logo\/image\/","url":"https:\/\/texteisleiper.pt\/wp-content\/uploads\/2020\/01\/LOGO.1.png","contentUrl":"https:\/\/texteisleiper.pt\/wp-content\/uploads\/2020\/01\/LOGO.1.png","width":444,"height":194,"caption":"T\u00eaxteis Leiper\u00ae"},"image":{"@id":"https:\/\/texteisleiper.pt\/#\/schema\/logo\/image\/"},"sameAs":["https:\/\/www.facebook.com\/TexteisLeiper"]}]}},"_links":{"self":[{"href":"https:\/\/texteisleiper.pt\/en\/wp-json\/wp\/v2\/pages\/6674"}],"collection":[{"href":"https:\/\/texteisleiper.pt\/en\/wp-json\/wp\/v2\/pages"}],"about":[{"href":"https:\/\/texteisleiper.pt\/en\/wp-json\/wp\/v2\/types\/page"}],"author":[{"embeddable":true,"href":"https:\/\/texteisleiper.pt\/en\/wp-json\/wp\/v2\/users\/3"}],"replies":[{"embeddable":true,"href":"https:\/\/texteisleiper.pt\/en\/wp-json\/wp\/v2\/comments?post=6674"}],"version-history":[{"count":16,"href":"https:\/\/texteisleiper.pt\/en\/wp-json\/wp\/v2\/pages\/6674\/revisions"}],"predecessor-version":[{"id":6823,"href":"https:\/\/texteisleiper.pt\/en\/wp-json\/wp\/v2\/pages\/6674\/revisions\/6823"}],"wp:attachment":[{"href":"https:\/\/texteisleiper.pt\/en\/wp-json\/wp\/v2\/media?parent=6674"}],"curies":[{"name":"wp","href":"https:\/\/api.w.org\/{rel}","templated":true}]}}