{"id":6684,"date":"2024-02-05T16:30:35","date_gmt":"2024-02-05T16:30:35","guid":{"rendered":"https:\/\/texteisleiper.pt\/aposta-nas-energias-renovaveis-como-meio-de-reducao-do-consume-energetico-de-fonts-fosseis-e-equip-eletricos\/"},"modified":"2024-04-11T13:13:28","modified_gmt":"2024-04-11T13:13:28","slug":"aposta-nas-energias-renovaveis-como-meio-de-reducao-do-consumo-energetico-de-fonts-fosseis-e-equip-eletricos","status":"publish","type":"page","link":"https:\/\/texteisleiper.pt\/en\/aposta-nas-energias-renovaveis-como-meio-de-reducao-do-consumo-energetico-de-fonts-fosseis-e-equip-eletricos\/","title":{"rendered":"Aposta nas energias renov\u00e1veis como meio de redu\u00e7\u00e3o do consumo energ\u00e9tico de fonts f\u00f3sseis e equip. el\u00e9tricos"},"content":{"rendered":"<p>[et_pb_section fb_built=&#8221;1&#8243; fullwidth=&#8221;on&#8221; admin_label=&#8221;Header&#8221; _builder_version=&#8221;4.16&#8243; _module_preset=&#8221;default&#8221; max_width=&#8221;89%&#8221; module_alignment=&#8221;center&#8221; global_colors_info=&#8221;{}&#8221;][et_pb_fullwidth_header title=&#8221;@ET-DC@eyJkeW5hbWljIjp0cnVlLCJjb250ZW50IjoicG9zdF90aXRsZSIsInNldHRpbmdzIjp7ImJlZm9yZSI6IiIsImFmdGVyIjoiIn19@&#8221; text_orientation=&#8221;center&#8221; _builder_version=&#8221;4.19.1&#8243; _dynamic_attributes=&#8221;title&#8221; _module_preset=&#8221;default&#8221; title_font=&#8221;Urbanist Thin||||||||&#8221; title_text_align=&#8221;center&#8221; title_font_size=&#8221;50px&#8221; background_image=&#8221;https:\/\/texteisleiper.pt\/wp-content\/uploads\/2022\/06\/projects.jpg&#8221; custom_button_one=&#8221;on&#8221; height=&#8221;500px&#8221; custom_margin=&#8221;||50px|||&#8221; title_font_size_tablet=&#8221;44px&#8221; title_font_size_phone=&#8221;26px&#8221; title_font_size_last_edited=&#8221;on|phone&#8221; custom_css_header_container=&#8221;height: 100%;&#8221; box_shadow_style=&#8221;preset3&#8243; box_shadow_vertical=&#8221;80px&#8221; box_shadow_blur=&#8221;80px&#8221; box_shadow_spread=&#8221;-55px&#8221; box_shadow_color=&#8221;rgba(0,0,0,0.57)&#8221; global_colors_info=&#8221;{}&#8221;][\/et_pb_fullwidth_header][\/et_pb_section][et_pb_section fb_built=&#8221;1&#8243; _builder_version=&#8221;4.19.1&#8243; _module_preset=&#8221;default&#8221; global_colors_info=&#8221;{}&#8221;][et_pb_row admin_label=&#8221;row&#8221; _builder_version=&#8221;4.16&#8243; background_size=&#8221;initial&#8221; background_position=&#8221;top_left&#8221; background_repeat=&#8221;repeat&#8221; global_colors_info=&#8221;{}&#8221;][et_pb_column type=&#8221;4_4&#8243; _builder_version=&#8221;4.16&#8243; custom_padding=&#8221;|||&#8221; global_colors_info=&#8221;{}&#8221; custom_padding__hover=&#8221;|||&#8221;][et_pb_image src=&#8221;https:\/\/texteisleiper.pt\/wp-content\/uploads\/2023\/10\/Imagem1.png&#8221; title_text=&#8221;Imagem1&#8243; _builder_version=&#8221;4.19.1&#8243; _module_preset=&#8221;default&#8221; max_width=&#8221;580px&#8221; max_width_tablet=&#8221;580px&#8221; max_width_phone=&#8221;580px&#8221; max_width_last_edited=&#8221;on|phone&#8221; custom_margin=&#8221;0px||||false|false&#8221; custom_padding=&#8221;0px||||false|false&#8221; global_colors_info=&#8221;{}&#8221;][\/et_pb_image][et_pb_text admin_label=&#8221;Text&#8221; _builder_version=&#8221;4.19.1&#8243; background_size=&#8221;initial&#8221; background_position=&#8221;top_left&#8221; background_repeat=&#8221;repeat&#8221; custom_margin=&#8221;30px||0px||false|false&#8221; custom_margin_tablet=&#8221;170px||0px||false|false&#8221; custom_margin_phone=&#8221;100px||||false|false&#8221; custom_margin_last_edited=&#8221;off|desktop&#8221; custom_padding=&#8221;||0px||false|false&#8221; hover_enabled=&#8221;0&#8243; global_colors_info=&#8221;{}&#8221; sticky_enabled=&#8221;0&#8243;]<\/p>\n<p><strong>Designa\u00e7\u00e3o do Projeto: <\/strong>Aposta nas energias renov\u00e1veis como meio de redu\u00e7\u00e3o do consumo energ\u00e9tico de fonts f\u00f3sseis e equip. el\u00e9tricos.<br \/>Aposta em energias renov\u00e1veis como meio de redu\u00e7\u00e3o do consumo energ\u00e9tico de fontes f\u00f3sseis em cerca de 40% e da emiss\u00e3o GEE na mesma propor\u00e7\u00e3o.<br \/>Substitui\u00e7\u00e3o de equipamento a g\u00e1s (empilhador) por equipamento similar, mas el\u00e9trico, com impacto numa redu\u00e7\u00e3o de 100% do consumo de g\u00e1s propano pela empresa e atividade.<br \/>Incorpora\u00e7\u00e3o de energia de fonte renov\u00e1vel: aquisi\u00e7\u00e3o de pain\u00e9is fotovoltaicos com pot\u00eancia instalada UPAC.<\/p>\n<p><strong>Objetivo principal:<\/strong> Contribuir para uma redu\u00e7\u00e3o m\u00e9dia de, pelo menos, 30% das emiss\u00f5es diretas e indiretas de GEE nas instala\u00e7\u00f5es industriais<\/p>\n<p><strong>Data de in\u00edcio: <\/strong>02-01-2023<\/p>\n<p><strong>Data de conclus\u00e3o: <\/strong>31-10-2023<\/p>\n<p><strong>Investimento: <\/strong>170.262,10\u20ac<\/p>\n<p><strong>Apoio financeiro do PRR: 127.696,58\u20ac<\/strong><\/p>\n<p><strong>Objetivos, atividades e resultados esperados\/atingidos:<\/strong><\/p>\n<ul>\n<li>Redu\u00e7\u00e3o em pelo menos 30% das emiss\u00f5es diretas e indiretas de GEE<\/li>\n<\/ul>\n<p>&nbsp;<\/p>\n<p>[\/et_pb_text][\/et_pb_column][\/et_pb_row][\/et_pb_section][et_pb_section fb_built=&#8221;1&#8243; _builder_version=&#8221;4.19.1&#8243; _module_preset=&#8221;default&#8221; background_color=&#8221;#FFFFFF&#8221; positioning=&#8221;none&#8221; position_origin_f=&#8221;bottom_center&#8221; vertical_offset=&#8221;-2px&#8221; global_colors_info=&#8221;{}&#8221;][et_pb_row _builder_version=&#8221;4.19.1&#8243; _module_preset=&#8221;default&#8221; positioning=&#8221;none&#8221; position_origin_a=&#8221;bottom_center&#8221; vertical_offset=&#8221;-2px&#8221; custom_margin=&#8221;||0px||false|false&#8221; custom_padding=&#8221;||0px||false|false&#8221; global_colors_info=&#8221;{}&#8221;][et_pb_column type=&#8221;4_4&#8243; _builder_version=&#8221;4.19.1&#8243; _module_preset=&#8221;default&#8221; global_colors_info=&#8221;{}&#8221;][et_pb_image src=&#8221;https:\/\/texteisleiper.pt\/wp-content\/uploads\/2023\/10\/Imagem1.png&#8221; title_text=&#8221;Imagem1&#8243; align=&#8221;center&#8221; force_fullwidth=&#8221;on&#8221; disabled_on=&#8221;off|off|on&#8221; _builder_version=&#8221;4.19.1&#8243; _module_preset=&#8221;default&#8221; background_color=&#8221;#FFFFFF&#8221; positioning=&#8221;fixed&#8221; position_origin_f=&#8221;bottom_center&#8221; vertical_offset=&#8221;-2px&#8221; z_index=&#8221;999&#8243; global_colors_info=&#8221;{}&#8221;][\/et_pb_image][\/et_pb_column][\/et_pb_row][\/et_pb_section]<\/p>\n","protected":false},"excerpt":{"rendered":"<p>Designa\u00e7\u00e3o do Projeto: Aposta nas energias renov\u00e1veis como meio de redu\u00e7\u00e3o do consumo energ\u00e9tico de fonts f\u00f3sseis e equip. el\u00e9tricos.Aposta em energias renov\u00e1veis como meio de redu\u00e7\u00e3o do consumo energ\u00e9tico de fontes f\u00f3sseis em cerca de 40% e da emiss\u00e3o GEE na mesma propor\u00e7\u00e3o.Substitui\u00e7\u00e3o de equipamento a g\u00e1s (empilhador) por equipamento similar, mas el\u00e9trico, com [&hellip;]<\/p>\n","protected":false},"author":3,"featured_media":0,"parent":0,"menu_order":0,"comment_status":"closed","ping_status":"closed","template":"","meta":{"_et_pb_use_builder":"on","_et_pb_old_content":"","_et_gb_content_width":"","inline_featured_image":false},"yoast_head":"<!-- This site is optimized with the Yoast SEO Premium plugin v20.8 (Yoast SEO v20.8) - https:\/\/yoast.com\/wordpress\/plugins\/seo\/ -->\n<title>Leiper\u00ae | Aposta nas energias renov\u00e1veis como meio de redu\u00e7\u00e3o do consumo energ\u00e9tico de fonts f\u00f3sseis e equip. el\u00e9tricos<\/title>\n<meta name=\"robots\" content=\"index, follow, max-snippet:-1, max-image-preview:large, max-video-preview:-1\" \/>\n<link rel=\"canonical\" href=\"https:\/\/texteisleiper.pt\/aposta-nas-energias-renovaveis-como-meio-de-reducao-do-consumo-energetico-de-fonts-fosseis-e-equip-eletricos\/\" \/>\n<meta property=\"og:locale\" content=\"en_US\" \/>\n<meta property=\"og:type\" content=\"article\" \/>\n<meta property=\"og:title\" content=\"Aposta nas energias renov\u00e1veis como meio de redu\u00e7\u00e3o do consumo energ\u00e9tico de fonts f\u00f3sseis e equip. el\u00e9tricos\" \/>\n<meta property=\"og:description\" content=\"Designa\u00e7\u00e3o do Projeto: Aposta nas energias renov\u00e1veis como meio de redu\u00e7\u00e3o do consumo energ\u00e9tico de fonts f\u00f3sseis e equip. el\u00e9tricos.Aposta em energias renov\u00e1veis como meio de redu\u00e7\u00e3o do consumo energ\u00e9tico de fontes f\u00f3sseis em cerca de 40% e da emiss\u00e3o GEE na mesma propor\u00e7\u00e3o.Substitui\u00e7\u00e3o de equipamento a g\u00e1s (empilhador) por equipamento similar, mas el\u00e9trico, com [&hellip;]\" \/>\n<meta property=\"og:url\" content=\"https:\/\/texteisleiper.pt\/aposta-nas-energias-renovaveis-como-meio-de-reducao-do-consumo-energetico-de-fonts-fosseis-e-equip-eletricos\/\" \/>\n<meta property=\"og:site_name\" content=\"Leiper\u00ae\" \/>\n<meta property=\"article:publisher\" content=\"https:\/\/www.facebook.com\/TexteisLeiper\" \/>\n<meta property=\"article:modified_time\" content=\"2024-04-11T13:13:28+00:00\" \/>\n<meta name=\"twitter:card\" content=\"summary_large_image\" \/>\n<script type=\"application\/ld+json\" class=\"yoast-schema-graph\">{\"@context\":\"https:\/\/schema.org\",\"@graph\":[{\"@type\":\"WebPage\",\"@id\":\"https:\/\/texteisleiper.pt\/aposta-nas-energias-renovaveis-como-meio-de-reducao-do-consumo-energetico-de-fonts-fosseis-e-equip-eletricos\/\",\"url\":\"https:\/\/texteisleiper.pt\/aposta-nas-energias-renovaveis-como-meio-de-reducao-do-consumo-energetico-de-fonts-fosseis-e-equip-eletricos\/\",\"name\":\"Leiper\u00ae | Aposta nas energias renov\u00e1veis como meio de redu\u00e7\u00e3o do consumo energ\u00e9tico de fonts f\u00f3sseis e equip. el\u00e9tricos\",\"isPartOf\":{\"@id\":\"https:\/\/texteisleiper.pt\/#website\"},\"datePublished\":\"2024-02-05T16:30:35+00:00\",\"dateModified\":\"2024-04-11T13:13:28+00:00\",\"breadcrumb\":{\"@id\":\"https:\/\/texteisleiper.pt\/aposta-nas-energias-renovaveis-como-meio-de-reducao-do-consumo-energetico-de-fonts-fosseis-e-equip-eletricos\/#breadcrumb\"},\"inLanguage\":\"en-US\",\"potentialAction\":[{\"@type\":\"ReadAction\",\"target\":[\"https:\/\/texteisleiper.pt\/aposta-nas-energias-renovaveis-como-meio-de-reducao-do-consumo-energetico-de-fonts-fosseis-e-equip-eletricos\/\"]}]},{\"@type\":\"BreadcrumbList\",\"@id\":\"https:\/\/texteisleiper.pt\/aposta-nas-energias-renovaveis-como-meio-de-reducao-do-consumo-energetico-de-fonts-fosseis-e-equip-eletricos\/#breadcrumb\",\"itemListElement\":[{\"@type\":\"ListItem\",\"position\":1,\"name\":\"In\u00edcio\",\"item\":\"https:\/\/texteisleiper.pt\/en\/\"},{\"@type\":\"ListItem\",\"position\":2,\"name\":\"Aposta nas energias renov\u00e1veis como meio de redu\u00e7\u00e3o do consumo energ\u00e9tico de fonts f\u00f3sseis e equip. el\u00e9tricos\"}]},{\"@type\":\"WebSite\",\"@id\":\"https:\/\/texteisleiper.pt\/#website\",\"url\":\"https:\/\/texteisleiper.pt\/\",\"name\":\"T\u00eaxteis Leiper\u00ae\",\"description\":\"Thinking Home Textiles\",\"publisher\":{\"@id\":\"https:\/\/texteisleiper.pt\/#organization\"},\"potentialAction\":[{\"@type\":\"SearchAction\",\"target\":{\"@type\":\"EntryPoint\",\"urlTemplate\":\"https:\/\/texteisleiper.pt\/?s={search_term_string}\"},\"query-input\":\"required name=search_term_string\"}],\"inLanguage\":\"en-US\"},{\"@type\":\"Organization\",\"@id\":\"https:\/\/texteisleiper.pt\/#organization\",\"name\":\"T\u00eaxteis Leiper\u00ae\",\"url\":\"https:\/\/texteisleiper.pt\/\",\"logo\":{\"@type\":\"ImageObject\",\"inLanguage\":\"en-US\",\"@id\":\"https:\/\/texteisleiper.pt\/#\/schema\/logo\/image\/\",\"url\":\"https:\/\/texteisleiper.pt\/wp-content\/uploads\/2020\/01\/LOGO.1.png\",\"contentUrl\":\"https:\/\/texteisleiper.pt\/wp-content\/uploads\/2020\/01\/LOGO.1.png\",\"width\":444,\"height\":194,\"caption\":\"T\u00eaxteis Leiper\u00ae\"},\"image\":{\"@id\":\"https:\/\/texteisleiper.pt\/#\/schema\/logo\/image\/\"},\"sameAs\":[\"https:\/\/www.facebook.com\/TexteisLeiper\"]}]}<\/script>\n<!-- \/ Yoast SEO Premium plugin. -->","yoast_head_json":{"title":"Leiper\u00ae | Aposta nas energias renov\u00e1veis como meio de redu\u00e7\u00e3o do consumo energ\u00e9tico de fonts f\u00f3sseis e equip. el\u00e9tricos","robots":{"index":"index","follow":"follow","max-snippet":"max-snippet:-1","max-image-preview":"max-image-preview:large","max-video-preview":"max-video-preview:-1"},"canonical":"https:\/\/texteisleiper.pt\/aposta-nas-energias-renovaveis-como-meio-de-reducao-do-consumo-energetico-de-fonts-fosseis-e-equip-eletricos\/","og_locale":"en_US","og_type":"article","og_title":"Aposta nas energias renov\u00e1veis como meio de redu\u00e7\u00e3o do consumo energ\u00e9tico de fonts f\u00f3sseis e equip. el\u00e9tricos","og_description":"Designa\u00e7\u00e3o do Projeto: Aposta nas energias renov\u00e1veis como meio de redu\u00e7\u00e3o do consumo energ\u00e9tico de fonts f\u00f3sseis e equip. el\u00e9tricos.Aposta em energias renov\u00e1veis como meio de redu\u00e7\u00e3o do consumo energ\u00e9tico de fontes f\u00f3sseis em cerca de 40% e da emiss\u00e3o GEE na mesma propor\u00e7\u00e3o.Substitui\u00e7\u00e3o de equipamento a g\u00e1s (empilhador) por equipamento similar, mas el\u00e9trico, com [&hellip;]","og_url":"https:\/\/texteisleiper.pt\/aposta-nas-energias-renovaveis-como-meio-de-reducao-do-consumo-energetico-de-fonts-fosseis-e-equip-eletricos\/","og_site_name":"Leiper\u00ae","article_publisher":"https:\/\/www.facebook.com\/TexteisLeiper","article_modified_time":"2024-04-11T13:13:28+00:00","twitter_card":"summary_large_image","schema":{"@context":"https:\/\/schema.org","@graph":[{"@type":"WebPage","@id":"https:\/\/texteisleiper.pt\/aposta-nas-energias-renovaveis-como-meio-de-reducao-do-consumo-energetico-de-fonts-fosseis-e-equip-eletricos\/","url":"https:\/\/texteisleiper.pt\/aposta-nas-energias-renovaveis-como-meio-de-reducao-do-consumo-energetico-de-fonts-fosseis-e-equip-eletricos\/","name":"Leiper\u00ae | Aposta nas energias renov\u00e1veis como meio de redu\u00e7\u00e3o do consumo energ\u00e9tico de fonts f\u00f3sseis e equip. el\u00e9tricos","isPartOf":{"@id":"https:\/\/texteisleiper.pt\/#website"},"datePublished":"2024-02-05T16:30:35+00:00","dateModified":"2024-04-11T13:13:28+00:00","breadcrumb":{"@id":"https:\/\/texteisleiper.pt\/aposta-nas-energias-renovaveis-como-meio-de-reducao-do-consumo-energetico-de-fonts-fosseis-e-equip-eletricos\/#breadcrumb"},"inLanguage":"en-US","potentialAction":[{"@type":"ReadAction","target":["https:\/\/texteisleiper.pt\/aposta-nas-energias-renovaveis-como-meio-de-reducao-do-consumo-energetico-de-fonts-fosseis-e-equip-eletricos\/"]}]},{"@type":"BreadcrumbList","@id":"https:\/\/texteisleiper.pt\/aposta-nas-energias-renovaveis-como-meio-de-reducao-do-consumo-energetico-de-fonts-fosseis-e-equip-eletricos\/#breadcrumb","itemListElement":[{"@type":"ListItem","position":1,"name":"In\u00edcio","item":"https:\/\/texteisleiper.pt\/en\/"},{"@type":"ListItem","position":2,"name":"Aposta nas energias renov\u00e1veis como meio de redu\u00e7\u00e3o do consumo energ\u00e9tico de fonts f\u00f3sseis e equip. el\u00e9tricos"}]},{"@type":"WebSite","@id":"https:\/\/texteisleiper.pt\/#website","url":"https:\/\/texteisleiper.pt\/","name":"T\u00eaxteis Leiper\u00ae","description":"Thinking Home Textiles","publisher":{"@id":"https:\/\/texteisleiper.pt\/#organization"},"potentialAction":[{"@type":"SearchAction","target":{"@type":"EntryPoint","urlTemplate":"https:\/\/texteisleiper.pt\/?s={search_term_string}"},"query-input":"required name=search_term_string"}],"inLanguage":"en-US"},{"@type":"Organization","@id":"https:\/\/texteisleiper.pt\/#organization","name":"T\u00eaxteis Leiper\u00ae","url":"https:\/\/texteisleiper.pt\/","logo":{"@type":"ImageObject","inLanguage":"en-US","@id":"https:\/\/texteisleiper.pt\/#\/schema\/logo\/image\/","url":"https:\/\/texteisleiper.pt\/wp-content\/uploads\/2020\/01\/LOGO.1.png","contentUrl":"https:\/\/texteisleiper.pt\/wp-content\/uploads\/2020\/01\/LOGO.1.png","width":444,"height":194,"caption":"T\u00eaxteis Leiper\u00ae"},"image":{"@id":"https:\/\/texteisleiper.pt\/#\/schema\/logo\/image\/"},"sameAs":["https:\/\/www.facebook.com\/TexteisLeiper"]}]}},"_links":{"self":[{"href":"https:\/\/texteisleiper.pt\/en\/wp-json\/wp\/v2\/pages\/6684"}],"collection":[{"href":"https:\/\/texteisleiper.pt\/en\/wp-json\/wp\/v2\/pages"}],"about":[{"href":"https:\/\/texteisleiper.pt\/en\/wp-json\/wp\/v2\/types\/page"}],"author":[{"embeddable":true,"href":"https:\/\/texteisleiper.pt\/en\/wp-json\/wp\/v2\/users\/3"}],"replies":[{"embeddable":true,"href":"https:\/\/texteisleiper.pt\/en\/wp-json\/wp\/v2\/comments?post=6684"}],"version-history":[{"count":12,"href":"https:\/\/texteisleiper.pt\/en\/wp-json\/wp\/v2\/pages\/6684\/revisions"}],"predecessor-version":[{"id":6947,"href":"https:\/\/texteisleiper.pt\/en\/wp-json\/wp\/v2\/pages\/6684\/revisions\/6947"}],"wp:attachment":[{"href":"https:\/\/texteisleiper.pt\/en\/wp-json\/wp\/v2\/media?parent=6684"}],"curies":[{"name":"wp","href":"https:\/\/api.w.org\/{rel}","templated":true}]}}