{"id":7178,"date":"2025-11-24T11:40:32","date_gmt":"2025-11-24T11:40:32","guid":{"rendered":"https:\/\/texteisleiper.pt\/?page_id=7178"},"modified":"2025-11-24T16:49:56","modified_gmt":"2025-11-24T16:49:56","slug":"fechar-o-ciclo-de-alteracao-radical-assente-na-automatizacao","status":"publish","type":"page","link":"https:\/\/texteisleiper.pt\/en\/fechar-o-ciclo-de-alteracao-radical-assente-na-automatizacao\/","title":{"rendered":"Fechar o ciclo de altera\u00e7\u00e3o radical, assente na automatiza\u00e7\u00e3o"},"content":{"rendered":"<p>[et_pb_section fb_built=&#8221;1&#8243; fullwidth=&#8221;on&#8221; admin_label=&#8221;Header&#8221; _builder_version=&#8221;4.16&#8243; _module_preset=&#8221;default&#8221; max_width=&#8221;89%&#8221; module_alignment=&#8221;center&#8221; global_colors_info=&#8221;{}&#8221;][et_pb_fullwidth_header title=&#8221;@ET-DC@eyJkeW5hbWljIjp0cnVlLCJjb250ZW50IjoicG9zdF90aXRsZSIsInNldHRpbmdzIjp7ImJlZm9yZSI6IiIsImFmdGVyIjoiIn19@&#8221; text_orientation=&#8221;center&#8221; _builder_version=&#8221;4.19.1&#8243; _dynamic_attributes=&#8221;title&#8221; _module_preset=&#8221;default&#8221; title_font=&#8221;Urbanist Thin||||||||&#8221; title_text_align=&#8221;center&#8221; title_font_size=&#8221;50px&#8221; background_image=&#8221;https:\/\/texteisleiper.pt\/wp-content\/uploads\/2022\/06\/projects.jpg&#8221; custom_button_one=&#8221;on&#8221; height=&#8221;500px&#8221; custom_margin=&#8221;||50px|||&#8221; title_font_size_tablet=&#8221;44px&#8221; title_font_size_phone=&#8221;26px&#8221; title_font_size_last_edited=&#8221;on|phone&#8221; custom_css_header_container=&#8221;height: 100%;&#8221; box_shadow_style=&#8221;preset3&#8243; box_shadow_vertical=&#8221;80px&#8221; box_shadow_blur=&#8221;80px&#8221; box_shadow_spread=&#8221;-55px&#8221; box_shadow_color=&#8221;rgba(0,0,0,0.57)&#8221; global_colors_info=&#8221;{}&#8221;][\/et_pb_fullwidth_header][\/et_pb_section][et_pb_section fb_built=&#8221;1&#8243; _builder_version=&#8221;4.19.1&#8243; _module_preset=&#8221;default&#8221; global_colors_info=&#8221;{}&#8221;][et_pb_row admin_label=&#8221;row&#8221; _builder_version=&#8221;4.16&#8243; background_size=&#8221;initial&#8221; background_position=&#8221;top_left&#8221; background_repeat=&#8221;repeat&#8221; global_colors_info=&#8221;{}&#8221;][et_pb_column type=&#8221;4_4&#8243; _builder_version=&#8221;4.16&#8243; custom_padding=&#8221;|||&#8221; global_colors_info=&#8221;{}&#8221; custom_padding__hover=&#8221;|||&#8221;][et_pb_image src=&#8221;https:\/\/texteisleiper.pt\/wp-content\/uploads\/2025\/11\/Anexo-1-NORTE2030_BarraCofinan_.jpg&#8221; title_text=&#8221;Anexo 1 &#8211; NORTE2030_BarraCofinan_&#8221; _builder_version=&#8221;4.27.4&#8243; _module_preset=&#8221;default&#8221; max_width=&#8221;580px&#8221; max_width_tablet=&#8221;580px&#8221; max_width_phone=&#8221;580px&#8221; max_width_last_edited=&#8221;on|phone&#8221; custom_margin=&#8221;0px||||false|false&#8221; custom_padding=&#8221;0px||||false|false&#8221; global_colors_info=&#8221;{}&#8221;][\/et_pb_image][et_pb_text admin_label=&#8221;Text&#8221; _builder_version=&#8221;4.27.4&#8243; background_size=&#8221;initial&#8221; background_position=&#8221;top_left&#8221; background_repeat=&#8221;repeat&#8221; custom_margin=&#8221;30px||0px||false|false&#8221; custom_margin_tablet=&#8221;170px||0px||false|false&#8221; custom_margin_phone=&#8221;100px||||false|false&#8221; custom_margin_last_edited=&#8221;off|desktop&#8221; custom_padding=&#8221;||0px||false|false&#8221; hover_enabled=&#8221;0&#8243; global_colors_info=&#8221;{}&#8221; sticky_enabled=&#8221;0&#8243;]<\/p>\n<p><strong>Nome Opera\u00e7\u00e3o<\/strong>: Cria\u00e7\u00e3o de f\u00e1brica inteligente assente na automatiza\u00e7\u00e3o<\/p>\n<p><strong>Nome Entidade Benefici\u00e1ria<\/strong>: T\u00caXTEIS LEIPER LDA<\/p>\n<p><strong>Investimento total<\/strong>: 535,122.99\u20ac<\/p>\n<p><strong>Apoio Financeiro da Uni\u00e3o Europeia<\/strong>: 155,392.96\u20ac<\/p>\n<p><strong>Objetivo<\/strong>: A T\u00eaxteis Leiper Lda visa posicionar-se na vanguarda da Ind\u00fastria 4.0 com um investimento focado na digitaliza\u00e7\u00e3o, automa\u00e7\u00e3o e integra\u00e7\u00e3o de sistemas. A iniciativa pretende modernizar o processo produtivo, aumentando a capacidade, flexibilidade e efici\u00eancia atrav\u00e9s de algoritmos preditivos, intelig\u00eancia artificial e monitoriza\u00e7\u00e3o em tempo real. Isso permitir\u00e1 reduzir o lead time, melhorar o time to market e elevar a competitividade internacional. A opera\u00e7\u00e3o assegura a interoperabilidade entre sistemas, m\u00e1quinas e pessoas, promovendo uma produ\u00e7\u00e3o fluida e eficiente. Ser\u00e1 tamb\u00e9m implementada uma nova infraestrutura digital, com integra\u00e7\u00e3o do ERP e CRM aos sistemas de produ\u00e7\u00e3o, garantindo partilha de dados entre departamentos e melhor gest\u00e3o de recursos. A iniciativa est\u00e1 plenamente alinhada com os Objetivos e Princ\u00edpios da pol\u00edtica setorial da Ind\u00fastria 4.0, promovendo inova\u00e7\u00e3o, qualidade e sustentabilidade no setor t\u00eaxtil.<\/p>\n<p>[\/et_pb_text][\/et_pb_column][\/et_pb_row][\/et_pb_section][et_pb_section fb_built=&#8221;1&#8243; _builder_version=&#8221;4.19.1&#8243; _module_preset=&#8221;default&#8221; background_color=&#8221;#FFFFFF&#8221; positioning=&#8221;none&#8221; position_origin_f=&#8221;bottom_center&#8221; vertical_offset=&#8221;-2px&#8221; global_colors_info=&#8221;{}&#8221;][et_pb_row _builder_version=&#8221;4.19.1&#8243; _module_preset=&#8221;default&#8221; positioning=&#8221;none&#8221; position_origin_a=&#8221;bottom_center&#8221; vertical_offset=&#8221;-2px&#8221; custom_margin=&#8221;||0px||false|false&#8221; custom_padding=&#8221;||0px||false|false&#8221; global_colors_info=&#8221;{}&#8221;][et_pb_column type=&#8221;4_4&#8243; _builder_version=&#8221;4.19.1&#8243; _module_preset=&#8221;default&#8221; global_colors_info=&#8221;{}&#8221;][et_pb_image src=&#8221;https:\/\/texteisleiper.pt\/wp-content\/uploads\/2023\/10\/Imagem1.png&#8221; title_text=&#8221;Imagem1&#8243; align=&#8221;center&#8221; force_fullwidth=&#8221;on&#8221; disabled_on=&#8221;off|off|on&#8221; _builder_version=&#8221;4.19.1&#8243; _module_preset=&#8221;default&#8221; background_color=&#8221;#FFFFFF&#8221; positioning=&#8221;fixed&#8221; position_origin_f=&#8221;bottom_center&#8221; vertical_offset=&#8221;-2px&#8221; z_index=&#8221;999&#8243; global_colors_info=&#8221;{}&#8221;][\/et_pb_image][\/et_pb_column][\/et_pb_row][\/et_pb_section]<\/p>\n","protected":false},"excerpt":{"rendered":"<p>Nome Opera\u00e7\u00e3o: Cria\u00e7\u00e3o de f\u00e1brica inteligente assente na automatiza\u00e7\u00e3o Nome Entidade Benefici\u00e1ria: T\u00caXTEIS LEIPER LDA Investimento total: 535,122.99\u20ac Apoio Financeiro da Uni\u00e3o Europeia: 155,392.96\u20ac Objetivo: A T\u00eaxteis Leiper Lda visa posicionar-se na vanguarda da Ind\u00fastria 4.0 com um investimento focado na digitaliza\u00e7\u00e3o, automa\u00e7\u00e3o e integra\u00e7\u00e3o de sistemas. A iniciativa pretende modernizar o processo produtivo, aumentando [&hellip;]<\/p>\n","protected":false},"author":3,"featured_media":0,"parent":0,"menu_order":0,"comment_status":"closed","ping_status":"closed","template":"","meta":{"_et_pb_use_builder":"on","_et_pb_old_content":"","_et_gb_content_width":"","inline_featured_image":false},"yoast_head":"<!-- This site is optimized with the Yoast SEO Premium plugin v20.8 (Yoast SEO v20.8) - https:\/\/yoast.com\/wordpress\/plugins\/seo\/ -->\n<title>Leiper\u00ae | Fechar o ciclo de altera\u00e7\u00e3o radical, assente na automatiza\u00e7\u00e3o<\/title>\n<meta name=\"robots\" content=\"index, follow, max-snippet:-1, max-image-preview:large, max-video-preview:-1\" \/>\n<link rel=\"canonical\" href=\"https:\/\/texteisleiper.pt\/fechar-o-ciclo-de-alteracao-radical-assente-na-automatizacao\/\" \/>\n<meta property=\"og:locale\" content=\"en_US\" \/>\n<meta property=\"og:type\" content=\"article\" \/>\n<meta property=\"og:title\" content=\"Fechar o ciclo de altera\u00e7\u00e3o radical, assente na automatiza\u00e7\u00e3o\" \/>\n<meta property=\"og:description\" content=\"Nome Opera\u00e7\u00e3o: Cria\u00e7\u00e3o de f\u00e1brica inteligente assente na automatiza\u00e7\u00e3o Nome Entidade Benefici\u00e1ria: T\u00caXTEIS LEIPER LDA Investimento total: 535,122.99\u20ac Apoio Financeiro da Uni\u00e3o Europeia: 155,392.96\u20ac Objetivo: A T\u00eaxteis Leiper Lda visa posicionar-se na vanguarda da Ind\u00fastria 4.0 com um investimento focado na digitaliza\u00e7\u00e3o, automa\u00e7\u00e3o e integra\u00e7\u00e3o de sistemas. A iniciativa pretende modernizar o processo produtivo, aumentando [&hellip;]\" \/>\n<meta property=\"og:url\" content=\"https:\/\/texteisleiper.pt\/fechar-o-ciclo-de-alteracao-radical-assente-na-automatizacao\/\" \/>\n<meta property=\"og:site_name\" content=\"Leiper\u00ae\" \/>\n<meta property=\"article:publisher\" content=\"https:\/\/www.facebook.com\/TexteisLeiper\" \/>\n<meta property=\"article:modified_time\" content=\"2025-11-24T16:49:56+00:00\" \/>\n<meta name=\"twitter:card\" content=\"summary_large_image\" \/>\n<meta name=\"twitter:label1\" content=\"Est. reading time\" \/>\n\t<meta name=\"twitter:data1\" content=\"2 minutes\" \/>\n<script type=\"application\/ld+json\" class=\"yoast-schema-graph\">{\"@context\":\"https:\/\/schema.org\",\"@graph\":[{\"@type\":\"WebPage\",\"@id\":\"https:\/\/texteisleiper.pt\/fechar-o-ciclo-de-alteracao-radical-assente-na-automatizacao\/\",\"url\":\"https:\/\/texteisleiper.pt\/fechar-o-ciclo-de-alteracao-radical-assente-na-automatizacao\/\",\"name\":\"Leiper\u00ae | Fechar o ciclo de altera\u00e7\u00e3o radical, assente na automatiza\u00e7\u00e3o\",\"isPartOf\":{\"@id\":\"https:\/\/texteisleiper.pt\/#website\"},\"datePublished\":\"2025-11-24T11:40:32+00:00\",\"dateModified\":\"2025-11-24T16:49:56+00:00\",\"breadcrumb\":{\"@id\":\"https:\/\/texteisleiper.pt\/fechar-o-ciclo-de-alteracao-radical-assente-na-automatizacao\/#breadcrumb\"},\"inLanguage\":\"en-US\",\"potentialAction\":[{\"@type\":\"ReadAction\",\"target\":[\"https:\/\/texteisleiper.pt\/fechar-o-ciclo-de-alteracao-radical-assente-na-automatizacao\/\"]}]},{\"@type\":\"BreadcrumbList\",\"@id\":\"https:\/\/texteisleiper.pt\/fechar-o-ciclo-de-alteracao-radical-assente-na-automatizacao\/#breadcrumb\",\"itemListElement\":[{\"@type\":\"ListItem\",\"position\":1,\"name\":\"In\u00edcio\",\"item\":\"https:\/\/texteisleiper.pt\/en\/\"},{\"@type\":\"ListItem\",\"position\":2,\"name\":\"Fechar o ciclo de altera\u00e7\u00e3o radical, assente na automatiza\u00e7\u00e3o\"}]},{\"@type\":\"WebSite\",\"@id\":\"https:\/\/texteisleiper.pt\/#website\",\"url\":\"https:\/\/texteisleiper.pt\/\",\"name\":\"T\u00eaxteis Leiper\u00ae\",\"description\":\"Thinking Home Textiles\",\"publisher\":{\"@id\":\"https:\/\/texteisleiper.pt\/#organization\"},\"potentialAction\":[{\"@type\":\"SearchAction\",\"target\":{\"@type\":\"EntryPoint\",\"urlTemplate\":\"https:\/\/texteisleiper.pt\/?s={search_term_string}\"},\"query-input\":\"required name=search_term_string\"}],\"inLanguage\":\"en-US\"},{\"@type\":\"Organization\",\"@id\":\"https:\/\/texteisleiper.pt\/#organization\",\"name\":\"T\u00eaxteis Leiper\u00ae\",\"url\":\"https:\/\/texteisleiper.pt\/\",\"logo\":{\"@type\":\"ImageObject\",\"inLanguage\":\"en-US\",\"@id\":\"https:\/\/texteisleiper.pt\/#\/schema\/logo\/image\/\",\"url\":\"https:\/\/texteisleiper.pt\/wp-content\/uploads\/2020\/01\/LOGO.1.png\",\"contentUrl\":\"https:\/\/texteisleiper.pt\/wp-content\/uploads\/2020\/01\/LOGO.1.png\",\"width\":444,\"height\":194,\"caption\":\"T\u00eaxteis Leiper\u00ae\"},\"image\":{\"@id\":\"https:\/\/texteisleiper.pt\/#\/schema\/logo\/image\/\"},\"sameAs\":[\"https:\/\/www.facebook.com\/TexteisLeiper\"]}]}<\/script>\n<!-- \/ Yoast SEO Premium plugin. -->","yoast_head_json":{"title":"Leiper\u00ae | Fechar o ciclo de altera\u00e7\u00e3o radical, assente na automatiza\u00e7\u00e3o","robots":{"index":"index","follow":"follow","max-snippet":"max-snippet:-1","max-image-preview":"max-image-preview:large","max-video-preview":"max-video-preview:-1"},"canonical":"https:\/\/texteisleiper.pt\/fechar-o-ciclo-de-alteracao-radical-assente-na-automatizacao\/","og_locale":"en_US","og_type":"article","og_title":"Fechar o ciclo de altera\u00e7\u00e3o radical, assente na automatiza\u00e7\u00e3o","og_description":"Nome Opera\u00e7\u00e3o: Cria\u00e7\u00e3o de f\u00e1brica inteligente assente na automatiza\u00e7\u00e3o Nome Entidade Benefici\u00e1ria: T\u00caXTEIS LEIPER LDA Investimento total: 535,122.99\u20ac Apoio Financeiro da Uni\u00e3o Europeia: 155,392.96\u20ac Objetivo: A T\u00eaxteis Leiper Lda visa posicionar-se na vanguarda da Ind\u00fastria 4.0 com um investimento focado na digitaliza\u00e7\u00e3o, automa\u00e7\u00e3o e integra\u00e7\u00e3o de sistemas. A iniciativa pretende modernizar o processo produtivo, aumentando [&hellip;]","og_url":"https:\/\/texteisleiper.pt\/fechar-o-ciclo-de-alteracao-radical-assente-na-automatizacao\/","og_site_name":"Leiper\u00ae","article_publisher":"https:\/\/www.facebook.com\/TexteisLeiper","article_modified_time":"2025-11-24T16:49:56+00:00","twitter_card":"summary_large_image","twitter_misc":{"Est. reading time":"2 minutes"},"schema":{"@context":"https:\/\/schema.org","@graph":[{"@type":"WebPage","@id":"https:\/\/texteisleiper.pt\/fechar-o-ciclo-de-alteracao-radical-assente-na-automatizacao\/","url":"https:\/\/texteisleiper.pt\/fechar-o-ciclo-de-alteracao-radical-assente-na-automatizacao\/","name":"Leiper\u00ae | Fechar o ciclo de altera\u00e7\u00e3o radical, assente na automatiza\u00e7\u00e3o","isPartOf":{"@id":"https:\/\/texteisleiper.pt\/#website"},"datePublished":"2025-11-24T11:40:32+00:00","dateModified":"2025-11-24T16:49:56+00:00","breadcrumb":{"@id":"https:\/\/texteisleiper.pt\/fechar-o-ciclo-de-alteracao-radical-assente-na-automatizacao\/#breadcrumb"},"inLanguage":"en-US","potentialAction":[{"@type":"ReadAction","target":["https:\/\/texteisleiper.pt\/fechar-o-ciclo-de-alteracao-radical-assente-na-automatizacao\/"]}]},{"@type":"BreadcrumbList","@id":"https:\/\/texteisleiper.pt\/fechar-o-ciclo-de-alteracao-radical-assente-na-automatizacao\/#breadcrumb","itemListElement":[{"@type":"ListItem","position":1,"name":"In\u00edcio","item":"https:\/\/texteisleiper.pt\/en\/"},{"@type":"ListItem","position":2,"name":"Fechar o ciclo de altera\u00e7\u00e3o radical, assente na automatiza\u00e7\u00e3o"}]},{"@type":"WebSite","@id":"https:\/\/texteisleiper.pt\/#website","url":"https:\/\/texteisleiper.pt\/","name":"T\u00eaxteis Leiper\u00ae","description":"Thinking Home Textiles","publisher":{"@id":"https:\/\/texteisleiper.pt\/#organization"},"potentialAction":[{"@type":"SearchAction","target":{"@type":"EntryPoint","urlTemplate":"https:\/\/texteisleiper.pt\/?s={search_term_string}"},"query-input":"required name=search_term_string"}],"inLanguage":"en-US"},{"@type":"Organization","@id":"https:\/\/texteisleiper.pt\/#organization","name":"T\u00eaxteis Leiper\u00ae","url":"https:\/\/texteisleiper.pt\/","logo":{"@type":"ImageObject","inLanguage":"en-US","@id":"https:\/\/texteisleiper.pt\/#\/schema\/logo\/image\/","url":"https:\/\/texteisleiper.pt\/wp-content\/uploads\/2020\/01\/LOGO.1.png","contentUrl":"https:\/\/texteisleiper.pt\/wp-content\/uploads\/2020\/01\/LOGO.1.png","width":444,"height":194,"caption":"T\u00eaxteis Leiper\u00ae"},"image":{"@id":"https:\/\/texteisleiper.pt\/#\/schema\/logo\/image\/"},"sameAs":["https:\/\/www.facebook.com\/TexteisLeiper"]}]}},"_links":{"self":[{"href":"https:\/\/texteisleiper.pt\/en\/wp-json\/wp\/v2\/pages\/7178"}],"collection":[{"href":"https:\/\/texteisleiper.pt\/en\/wp-json\/wp\/v2\/pages"}],"about":[{"href":"https:\/\/texteisleiper.pt\/en\/wp-json\/wp\/v2\/types\/page"}],"author":[{"embeddable":true,"href":"https:\/\/texteisleiper.pt\/en\/wp-json\/wp\/v2\/users\/3"}],"replies":[{"embeddable":true,"href":"https:\/\/texteisleiper.pt\/en\/wp-json\/wp\/v2\/comments?post=7178"}],"version-history":[{"count":7,"href":"https:\/\/texteisleiper.pt\/en\/wp-json\/wp\/v2\/pages\/7178\/revisions"}],"predecessor-version":[{"id":7220,"href":"https:\/\/texteisleiper.pt\/en\/wp-json\/wp\/v2\/pages\/7178\/revisions\/7220"}],"wp:attachment":[{"href":"https:\/\/texteisleiper.pt\/en\/wp-json\/wp\/v2\/media?parent=7178"}],"curies":[{"name":"wp","href":"https:\/\/api.w.org\/{rel}","templated":true}]}}