{"id":5771,"date":"2021-11-24T12:19:54","date_gmt":"2021-11-24T12:19:54","guid":{"rendered":"https:\/\/texteisleiper.pt\/sustentabilidade\/"},"modified":"2022-11-23T14:50:18","modified_gmt":"2022-11-23T14:50:18","slug":"sustentabilidad","status":"publish","type":"page","link":"https:\/\/texteisleiper.pt\/es\/sustentabilidad\/","title":{"rendered":"Sustentabilidad"},"content":{"rendered":"<p>[et_pb_section fb_built=\u00bb1&#8243; fullwidth=\u00bbon\u00bb admin_label=\u00bbHeader\u00bb _builder_version=\u00bb4.16&#8243; _module_preset=\u00bbdefault\u00bb max_width=\u00bb89%\u00bb module_alignment=\u00bbcenter\u00bb global_colors_info=\u00bb{}\u00bb][et_pb_fullwidth_header title=\u00bb@ET-DC@eyJkeW5hbWljIjp0cnVlLCJjb250ZW50IjoicG9zdF90aXRsZSIsInNldHRpbmdzIjp7ImJlZm9yZSI6IiIsImFmdGVyIjoiIn19@\u00bb text_orientation=\u00bbcenter\u00bb background_overlay_color=\u00bbrgba(244,244,244,0.12)\u00bb _builder_version=\u00bb4.19.0&#8243; _dynamic_attributes=\u00bbtitle\u00bb _module_preset=\u00bbdefault\u00bb title_font=\u00bbUrbanist Thin||||||||\u00bb title_text_align=\u00bbcenter\u00bb title_font_size=\u00bb3.5vw\u00bb background_image=\u00bbhttps:\/\/texteisleiper.pt\/wp-content\/uploads\/2022\/05\/sustentabilidade_banner3.jpg\u00bb custom_button_one=\u00bbon\u00bb height=\u00bb500px\u00bb custom_margin=\u00bb||50px|||\u00bb hover_enabled=\u00bb0&#8243; title_font_size_tablet=\u00bb54px\u00bb title_font_size_phone=\u00bb36px\u00bb title_font_size_last_edited=\u00bbon|desktop\u00bb custom_css_header_container=\u00bbheight: 100%;||width:100%;\u00bb box_shadow_style=\u00bbpreset3&#8243; box_shadow_vertical=\u00bb80px\u00bb box_shadow_blur=\u00bb80px\u00bb box_shadow_spread=\u00bb-55px\u00bb box_shadow_color=\u00bbrgba(0,0,0,0.57)\u00bb global_colors_info=\u00bb{}\u00bb content_max_width_last_edited=\u00bbon|phone\u00bb sticky_enabled=\u00bb0&#8243; content_max_width_phone=\u00bb99%\u00bb width=\u00bb100%\u00bb max_width=\u00bb100%\u00bb][\/et_pb_fullwidth_header][\/et_pb_section][et_pb_section fb_built=\u00bb1&#8243; admin_label=\u00bbsection\u00bb _builder_version=\u00bb4.16&#8243; background_color=\u00bbRGBA(0,0,0,0)\u00bb custom_padding=\u00bb100px||0px|||\u00bb global_colors_info=\u00bb{}\u00bb][et_pb_row _builder_version=\u00bb4.16&#8243; _module_preset=\u00bbdefault\u00bb global_colors_info=\u00bb{}\u00bb][et_pb_column type=\u00bb4_4&#8243; _builder_version=\u00bb4.16&#8243; _module_preset=\u00bbdefault\u00bb global_colors_info=\u00bb{}\u00bb][et_pb_text admin_label=\u00bbText\u00bb _builder_version=\u00bb4.16&#8243; background_size=\u00bbinitial\u00bb background_position=\u00bbtop_left\u00bb background_repeat=\u00bbrepeat\u00bb locked=\u00bboff\u00bb global_colors_info=\u00bb{}\u00bb]<\/p>\n<p>Sustentabilidade \u00e9 a capacidade de usufruir dos recursos naturais presentes no planeta sem comprometer o uso dos mesmos para as gera\u00e7\u00f5es futuras.<\/p>\n<p>Nesse sentido, por exemplo, temos cada vez mais a aplicabilidade do termo em a\u00e7\u00f5es quotidianas como o consumo de produtos naturais, reutiliza\u00e7\u00e3o de embalagens, reciclagem, utiliza\u00e7\u00e3o de transportes menos poluentes.<\/p>\n<p>Investir em medidas que visam a aplica\u00e7\u00e3o de pr\u00e1ticas sustent\u00e1veis na cadeia produtiva s\u00e3o a\u00e7\u00f5es que a nossa empresa est\u00e1 a adotar para aperfei\u00e7oar processos, para reduzir o impacto ambiental e para atrair consumidores.<\/p>\n<p>A sustentabilidade ambiental relaciona-se \u00e0 capacidade de suporte, resili\u00eancia e resist\u00eancia dos ecossistemas. Pode ser ainda definida como um processo de avalia\u00e7\u00e3o entre a economia, a sociedade e a natureza.<\/p>\n<p>[\/et_pb_text][\/et_pb_column][\/et_pb_row][\/et_pb_section][et_pb_section fb_built=\u00bb1&#8243; _builder_version=\u00bb4.19.0&#8243; _module_preset=\u00bbdefault\u00bb global_colors_info=\u00bb{}\u00bb][et_pb_row _builder_version=\u00bb4.19.0&#8243; _module_preset=\u00bbdefault\u00bb global_colors_info=\u00bb{}\u00bb][et_pb_column type=\u00bb4_4&#8243; _builder_version=\u00bb4.19.0&#8243; _module_preset=\u00bbdefault\u00bb global_colors_info=\u00bb{}\u00bb][et_pb_image src=\u00bbhttps:\/\/texteisleiper.pt\/wp-content\/uploads\/2022\/11\/Logomarca-Made-in-Portugal-naturally.webp\u00bb title_text=\u00bbLogomarca Made in Portugal naturally\u00bb align=\u00bbcenter\u00bb _builder_version=\u00bb4.19.0&#8243; _module_preset=\u00bbdefault\u00bb max_width=\u00bb500px\u00bb global_colors_info=\u00bb{}\u00bb][\/et_pb_image][\/et_pb_column][\/et_pb_row][\/et_pb_section]<\/p>\n","protected":false},"excerpt":{"rendered":"<p>Sustentabilidade \u00e9 a capacidade de usufruir dos recursos naturais presentes no planeta sem comprometer o uso dos mesmos para as gera\u00e7\u00f5es futuras. Nesse sentido, por exemplo, temos cada vez mais a aplicabilidade do termo em a\u00e7\u00f5es quotidianas como o consumo de produtos naturais, reutiliza\u00e7\u00e3o de embalagens, reciclagem, utiliza\u00e7\u00e3o de transportes menos poluentes. Investir em medidas [&hellip;]<\/p>\n","protected":false},"author":3,"featured_media":0,"parent":0,"menu_order":0,"comment_status":"closed","ping_status":"closed","template":"","meta":{"_et_pb_use_builder":"on","_et_pb_old_content":"[vc_row th_text_align=\"text-justify\" content_width=\"fullwidth\"][vc_column el_class=\"about-caption\"][special_heading title=\"SOBRE N\u00d3S\" th_text_align=\"text-left\"][vc_column_text]<strong>APRESENTA\u00c7\u00c3O<\/strong>\r\n\r\nLEIPER\u00a0foi fundada em 1986 pelo atual CEO (Diretor Geral) Rui Leite Pereira, que inculcou ao projeto a lideran\u00e7a e a vis\u00e3o estrat\u00e9gica de transformar a LEIPER numa empresa de refer\u00eancia, no sector t\u00eaxtil lar e ind\u00fastria de colchoaria.\r\n\r\nLEIPER \u00e9 uma sigla institucional, baseada no nome de fam\u00edlia dos s\u00f3cios administradores (tr\u00eas membros da fam\u00edlia Leite Pereira), que simboliza o forte compromisso dos fundadores com a empresa familiar, que adota o seu sobrenome.\r\n\r\nO in\u00edcio da atividade come\u00e7ou com uma pequena confe\u00e7\u00e3o de t\u00eaxtil lar, mas a LEIPER, cresceu, gradualmente, e de forma consolidada. E atualmente disp\u00f5e de sensivelmente 13.000 m2 de modernas instala\u00e7\u00f5es, divididas em 3 unidades, que abrangem as \u00e1reas funcionais de produ\u00e7\u00e3o, comercial \/ marketing e armaz\u00e9m e servi\u00e7os de log\u00edstica.\r\n\r\nO coroar do sucesso comercial e econ\u00f3mico financeiro acontece, com medias de desempenho superior. Desde 2010, a empresa viu reconhecida, ininterruptamente, as boas pr\u00e1ticas de gest\u00e3o, sendo-lhe atribu\u00edda a designa\u00e7\u00e3o de\u00a0PME L\u00cdDER ou PME excel\u00eancia, pelo\u00a0IAPMEI.\r\n\r\nA empresa possui um sistema de produ\u00e7\u00e3o integrado (unidade de enchimento, acolchoamento e fabrico) de edred\u00f5es e t\u00eaxteis lar, com uma elevada capacidade de resposta e competitividade neste tipo de produtos.\r\n\r\nOs edred\u00f5es LEIPER s\u00e3o reconhecidos no mercado pela qualidade. O processo de produ\u00e7\u00e3o n\u00e3o utiliza resinas e, porquanto, os edred\u00f5es, n\u00e3o perdem volume ap\u00f3s a lavagem e apresentam uma apar\u00eancia suave, que transmite conforto e revela maior durabilidade.\r\n\r\nO nosso sistema de produ\u00e7\u00e3o demonstra uma elevada flexibilidade e capacidade de resposta com tempos de espera muito reduzidos no processamento de encomendas. A LEIPER \u00e9 uma empresa l\u00edder que investe sistematicamente em tecnologia e forma\u00e7\u00e3o dos recursos humanos. E fornecemos os nossos parceiros de t\u00eaxteis lar e colch\u00f5es, com base no conhecimento obtido, ao longo de mais de 30 anos de exist\u00eancia.\r\n\r\nA Leiper tem por atividade Design, Desenvolvimento e Fabrico de T\u00eaxteis Lar, produtos de Colchoaria, T\u00eaxteis para Avia\u00e7\u00e3o Civil, Hotelaria e comercializa\u00e7\u00e3o de complementos de decora\u00e7\u00e3o para cortinados.\r\n\r\n\u00a0\r\n\r\n\u00a0\r\n\r\n<strong>MISS\u00c3O E VALORES<\/strong>\r\n\r\nA LEIPER proporciona ao cliente uma experi\u00eancia de t\u00eaxtil lar que encanta todos os sentidos. A criatividade, no design; a inova\u00e7\u00e3o incorporando solu\u00e7\u00f5es criativas de materiais e a excel\u00eancia na qualidade de produ\u00e7\u00e3o dos produtos s\u00e3o fatores que explicam o sucesso do grupo.\r\n\r\nA LEIPER quer ser reconhecida no mercado como um agente de excel\u00eancia e de vanguarda no sector do t\u00eaxtil lar e colchoaria\u00a0\u201cLEIPER THINKING HOME TEXTILES\u201d.\r\n\r\nCom uma forte orienta\u00e7\u00e3o para o cliente, acredit\u00e1mos num conjunto de valores que formatam a compet\u00eancia, compromisso da equipa LEIPER com o cliente e outras partes interessadas. A posi\u00e7\u00e3o que pretendemos atingir nas \u00e1reas de neg\u00f3cio em que atuamos, constr\u00f3i-se, dia a dia, atrav\u00e9s de um s\u00f3lido conjunto de valores, que condicionam o nosso desempenho:\r\n\r\n<strong>L<\/strong>ideran\u00e7a\r\n\r\n<strong>E<\/strong>mpenho\r\n\r\n<strong>I<\/strong>nova\u00e7\u00e3o\r\n\r\n<strong>P<\/strong>rodutividade\r\n\r\n<strong>\u00c9<\/strong>tica\r\n\r\n<strong>R<\/strong>esponsabilidade\r\n\r\n\u00a0\r\n\r\n<strong>POL\u00cdTICA DE QUALIDADE\r\n<\/strong>A\u00a0Leiper\u00a0tem por atividade o Design, Desenvolvimento e Fabrico de T\u00eaxteis Lar, Colchoaria, T\u00eaxteis para Avia\u00e7\u00e3o Civil, Hotelaria. Comercializa\u00e7\u00e3o de complementos de T\u00eaxteis Lar.\r\nPara n\u00f3s a qualidade \u00e9 medida em termos de satisfa\u00e7\u00e3o, fideliza\u00e7\u00e3o e cumprimento das mais elevadas expectativas. A confian\u00e7a numa empresa com mais de 30 anos de exist\u00eancia, conquista-se dia a dia, com envolvimento de todos os stakeholders. Na medida que, na Leiper o cliente encontra uma elevada flexibilidade de produ\u00e7\u00e3o, competitividade de pre\u00e7os, qualidade, cumprimento de prazos e servi\u00e7o ap\u00f3s venda que visa a excel\u00eancia. Esperamos os mais elevados n\u00edveis de desempenho, integridade e sentido de responsabilidade dos nossos colaboradores. A gest\u00e3o promove um ambiente de trabalho que valoriza as pessoas, fazendo do respeito m\u00fatuo, honra e equidade, pilares que condicionam as atitudes e comportamentos de toda a equipa. E para atingir este objetivo, investimos de forma sistem\u00e1tica em tecnologia de produ\u00e7\u00e3o, na forma\u00e7\u00e3o dos colaboradores e promovemos uma cultura organizacional que incentiva o cumprimento de requisitos, na melhoria cont\u00ednua dos processos do sistema de Gest\u00e3o da Qualidade, dos processos de neg\u00f3cio e o desenvolvimento de solu\u00e7\u00f5es que confiram valor acrescentado para a empresa e mercado.<strong>\r\n<\/strong>[\/vc_column_text][\/vc_column][\/vc_row][vc_row th_text_align=\"text-left\" bg_section_color=\"dark\" content_width=\"fullwidth\"][vc_column width=\"1\/4\"][contact-block]Onde\r\nEstamos[\/contact-block][\/vc_column][vc_column width=\"1\/4\"][contact-block type=\"data\" title=\"SEDE\" address=\"Rua da Variante, Pousada, Gondar 4835-549 GUIMAR\u00c3ES - PORTUGAL\" email=\"geral@texteisleiper.pt\" phone=\"(+351) 253 423 790 \" th_is_icon_use=\"yes\" icon=\"fa-map-marker\"][\/contact-block][\/vc_column][vc_column width=\"1\/4\"][vc_column_text]\r\n[\/vc_column_text][\/vc_column][vc_column width=\"1\/4\"][vc_column_text]\r\n[\/vc_column_text][\/vc_column][\/vc_row]","_et_gb_content_width":"","inline_featured_image":false},"yoast_head":"<!-- This site is optimized with the Yoast SEO Premium plugin v20.8 (Yoast SEO v20.8) - https:\/\/yoast.com\/wordpress\/plugins\/seo\/ -->\n<title>Leiper\u00ae | Sustentabilidad<\/title>\n<meta name=\"description\" content=\"LEIPER \u00e9 uma sigla institucional baseada no nome de fam\u00edlia dos s\u00f3cios administradores (Rui Leite Pereira, C\u00e2ndida Pereira e Miguel Leite Pereira)\" \/>\n<meta name=\"robots\" content=\"index, follow, max-snippet:-1, max-image-preview:large, max-video-preview:-1\" \/>\n<link rel=\"canonical\" href=\"https:\/\/texteisleiper.pt\/es\/sustentabilidad\/\" \/>\n<meta property=\"og:locale\" content=\"es_ES\" \/>\n<meta property=\"og:type\" content=\"article\" \/>\n<meta property=\"og:title\" content=\"Sustentabilidad\" \/>\n<meta property=\"og:description\" content=\"LEIPER \u00e9 uma sigla institucional baseada no nome de fam\u00edlia dos s\u00f3cios administradores (Rui Leite Pereira, C\u00e2ndida Pereira e Miguel Leite Pereira)\" \/>\n<meta property=\"og:url\" content=\"https:\/\/texteisleiper.pt\/es\/sustentabilidad\/\" \/>\n<meta property=\"og:site_name\" content=\"Leiper\u00ae\" \/>\n<meta property=\"article:publisher\" content=\"https:\/\/www.facebook.com\/TexteisLeiper\" \/>\n<meta property=\"article:modified_time\" content=\"2022-11-23T14:50:18+00:00\" \/>\n<meta name=\"twitter:card\" content=\"summary_large_image\" \/>\n<meta name=\"twitter:label1\" content=\"Tiempo de lectura\" \/>\n\t<meta name=\"twitter:data1\" content=\"2 minutos\" \/>\n<script type=\"application\/ld+json\" class=\"yoast-schema-graph\">{\"@context\":\"https:\/\/schema.org\",\"@graph\":[{\"@type\":\"WebPage\",\"@id\":\"https:\/\/texteisleiper.pt\/es\/sustentabilidad\/\",\"url\":\"https:\/\/texteisleiper.pt\/es\/sustentabilidad\/\",\"name\":\"Leiper\u00ae | Sustentabilidad\",\"isPartOf\":{\"@id\":\"https:\/\/texteisleiper.pt\/#website\"},\"datePublished\":\"2021-11-24T12:19:54+00:00\",\"dateModified\":\"2022-11-23T14:50:18+00:00\",\"description\":\"LEIPER \u00e9 uma sigla institucional baseada no nome de fam\u00edlia dos s\u00f3cios administradores (Rui Leite Pereira, C\u00e2ndida Pereira e Miguel Leite Pereira)\",\"breadcrumb\":{\"@id\":\"https:\/\/texteisleiper.pt\/es\/sustentabilidad\/#breadcrumb\"},\"inLanguage\":\"es\",\"potentialAction\":[{\"@type\":\"ReadAction\",\"target\":[\"https:\/\/texteisleiper.pt\/es\/sustentabilidad\/\"]}]},{\"@type\":\"BreadcrumbList\",\"@id\":\"https:\/\/texteisleiper.pt\/es\/sustentabilidad\/#breadcrumb\",\"itemListElement\":[{\"@type\":\"ListItem\",\"position\":1,\"name\":\"In\u00edcio\",\"item\":\"https:\/\/texteisleiper.pt\/\"},{\"@type\":\"ListItem\",\"position\":2,\"name\":\"Sustentabilidad\"}]},{\"@type\":\"WebSite\",\"@id\":\"https:\/\/texteisleiper.pt\/#website\",\"url\":\"https:\/\/texteisleiper.pt\/\",\"name\":\"T\u00eaxteis Leiper\u00ae\",\"description\":\"Thinking Home Textiles\",\"publisher\":{\"@id\":\"https:\/\/texteisleiper.pt\/#organization\"},\"potentialAction\":[{\"@type\":\"SearchAction\",\"target\":{\"@type\":\"EntryPoint\",\"urlTemplate\":\"https:\/\/texteisleiper.pt\/?s={search_term_string}\"},\"query-input\":\"required name=search_term_string\"}],\"inLanguage\":\"es\"},{\"@type\":\"Organization\",\"@id\":\"https:\/\/texteisleiper.pt\/#organization\",\"name\":\"T\u00eaxteis Leiper\u00ae\",\"url\":\"https:\/\/texteisleiper.pt\/\",\"logo\":{\"@type\":\"ImageObject\",\"inLanguage\":\"es\",\"@id\":\"https:\/\/texteisleiper.pt\/#\/schema\/logo\/image\/\",\"url\":\"https:\/\/texteisleiper.pt\/wp-content\/uploads\/2020\/01\/LOGO.1.png\",\"contentUrl\":\"https:\/\/texteisleiper.pt\/wp-content\/uploads\/2020\/01\/LOGO.1.png\",\"width\":444,\"height\":194,\"caption\":\"T\u00eaxteis Leiper\u00ae\"},\"image\":{\"@id\":\"https:\/\/texteisleiper.pt\/#\/schema\/logo\/image\/\"},\"sameAs\":[\"https:\/\/www.facebook.com\/TexteisLeiper\"]}]}<\/script>\n<!-- \/ Yoast SEO Premium plugin. -->","yoast_head_json":{"title":"Leiper\u00ae | Sustentabilidad","description":"LEIPER \u00e9 uma sigla institucional baseada no nome de fam\u00edlia dos s\u00f3cios administradores (Rui Leite Pereira, C\u00e2ndida Pereira e Miguel Leite Pereira)","robots":{"index":"index","follow":"follow","max-snippet":"max-snippet:-1","max-image-preview":"max-image-preview:large","max-video-preview":"max-video-preview:-1"},"canonical":"https:\/\/texteisleiper.pt\/es\/sustentabilidad\/","og_locale":"es_ES","og_type":"article","og_title":"Sustentabilidad","og_description":"LEIPER \u00e9 uma sigla institucional baseada no nome de fam\u00edlia dos s\u00f3cios administradores (Rui Leite Pereira, C\u00e2ndida Pereira e Miguel Leite Pereira)","og_url":"https:\/\/texteisleiper.pt\/es\/sustentabilidad\/","og_site_name":"Leiper\u00ae","article_publisher":"https:\/\/www.facebook.com\/TexteisLeiper","article_modified_time":"2022-11-23T14:50:18+00:00","twitter_card":"summary_large_image","twitter_misc":{"Tiempo de lectura":"2 minutos"},"schema":{"@context":"https:\/\/schema.org","@graph":[{"@type":"WebPage","@id":"https:\/\/texteisleiper.pt\/es\/sustentabilidad\/","url":"https:\/\/texteisleiper.pt\/es\/sustentabilidad\/","name":"Leiper\u00ae | Sustentabilidad","isPartOf":{"@id":"https:\/\/texteisleiper.pt\/#website"},"datePublished":"2021-11-24T12:19:54+00:00","dateModified":"2022-11-23T14:50:18+00:00","description":"LEIPER \u00e9 uma sigla institucional baseada no nome de fam\u00edlia dos s\u00f3cios administradores (Rui Leite Pereira, C\u00e2ndida Pereira e Miguel Leite Pereira)","breadcrumb":{"@id":"https:\/\/texteisleiper.pt\/es\/sustentabilidad\/#breadcrumb"},"inLanguage":"es","potentialAction":[{"@type":"ReadAction","target":["https:\/\/texteisleiper.pt\/es\/sustentabilidad\/"]}]},{"@type":"BreadcrumbList","@id":"https:\/\/texteisleiper.pt\/es\/sustentabilidad\/#breadcrumb","itemListElement":[{"@type":"ListItem","position":1,"name":"In\u00edcio","item":"https:\/\/texteisleiper.pt\/"},{"@type":"ListItem","position":2,"name":"Sustentabilidad"}]},{"@type":"WebSite","@id":"https:\/\/texteisleiper.pt\/#website","url":"https:\/\/texteisleiper.pt\/","name":"T\u00eaxteis Leiper\u00ae","description":"Thinking Home Textiles","publisher":{"@id":"https:\/\/texteisleiper.pt\/#organization"},"potentialAction":[{"@type":"SearchAction","target":{"@type":"EntryPoint","urlTemplate":"https:\/\/texteisleiper.pt\/?s={search_term_string}"},"query-input":"required name=search_term_string"}],"inLanguage":"es"},{"@type":"Organization","@id":"https:\/\/texteisleiper.pt\/#organization","name":"T\u00eaxteis Leiper\u00ae","url":"https:\/\/texteisleiper.pt\/","logo":{"@type":"ImageObject","inLanguage":"es","@id":"https:\/\/texteisleiper.pt\/#\/schema\/logo\/image\/","url":"https:\/\/texteisleiper.pt\/wp-content\/uploads\/2020\/01\/LOGO.1.png","contentUrl":"https:\/\/texteisleiper.pt\/wp-content\/uploads\/2020\/01\/LOGO.1.png","width":444,"height":194,"caption":"T\u00eaxteis Leiper\u00ae"},"image":{"@id":"https:\/\/texteisleiper.pt\/#\/schema\/logo\/image\/"},"sameAs":["https:\/\/www.facebook.com\/TexteisLeiper"]}]}},"_links":{"self":[{"href":"https:\/\/texteisleiper.pt\/es\/wp-json\/wp\/v2\/pages\/5771"}],"collection":[{"href":"https:\/\/texteisleiper.pt\/es\/wp-json\/wp\/v2\/pages"}],"about":[{"href":"https:\/\/texteisleiper.pt\/es\/wp-json\/wp\/v2\/types\/page"}],"author":[{"embeddable":true,"href":"https:\/\/texteisleiper.pt\/es\/wp-json\/wp\/v2\/users\/3"}],"replies":[{"embeddable":true,"href":"https:\/\/texteisleiper.pt\/es\/wp-json\/wp\/v2\/comments?post=5771"}],"version-history":[{"count":2,"href":"https:\/\/texteisleiper.pt\/es\/wp-json\/wp\/v2\/pages\/5771\/revisions"}],"predecessor-version":[{"id":5942,"href":"https:\/\/texteisleiper.pt\/es\/wp-json\/wp\/v2\/pages\/5771\/revisions\/5942"}],"wp:attachment":[{"href":"https:\/\/texteisleiper.pt\/es\/wp-json\/wp\/v2\/media?parent=5771"}],"curies":[{"name":"wp","href":"https:\/\/api.w.org\/{rel}","templated":true}]}}