{"id":5800,"date":"2015-01-15T16:38:25","date_gmt":"2015-01-15T16:38:25","guid":{"rendered":"https:\/\/texteisleiper.pt\/contactos\/"},"modified":"2022-11-23T15:32:45","modified_gmt":"2022-11-23T15:32:45","slug":"contactos","status":"publish","type":"page","link":"https:\/\/texteisleiper.pt\/es\/contactos\/","title":{"rendered":"Contactos"},"content":{"rendered":"<p>[et_pb_section fb_built=\u00bb1&#8243; fullwidth=\u00bbon\u00bb admin_label=\u00bbHeader\u00bb _builder_version=\u00bb4.16&#8243; _module_preset=\u00bbdefault\u00bb max_width=\u00bb89%\u00bb module_alignment=\u00bbcenter\u00bb global_colors_info=\u00bb{}\u00bb][et_pb_fullwidth_header title=\u00bb@ET-DC@eyJkeW5hbWljIjp0cnVlLCJjb250ZW50IjoicG9zdF90aXRsZSIsInNldHRpbmdzIjp7ImJlZm9yZSI6IiIsImFmdGVyIjoiIn19@\u00bb text_orientation=\u00bbcenter\u00bb background_overlay_color=\u00bbrgba(0,0,0,0.45)\u00bb _builder_version=\u00bb4.16&#8243; _dynamic_attributes=\u00bbtitle\u00bb _module_preset=\u00bbdefault\u00bb title_font=\u00bbUrbanist Thin||||||||\u00bb title_text_align=\u00bbcenter\u00bb title_font_size=\u00bb3.5vw\u00bb background_image=\u00bbhttps:\/\/texteisleiper.pt\/wp-content\/uploads\/2022\/11\/contact.jpg\u00bb custom_button_one=\u00bbon\u00bb height=\u00bb500px\u00bb custom_margin=\u00bb||50px|||\u00bb title_font_size_tablet=\u00bb54px\u00bb title_font_size_phone=\u00bb36px\u00bb title_font_size_last_edited=\u00bbon|desktop\u00bb custom_css_header_container=\u00bbheight: 100%;\u00bb box_shadow_style=\u00bbpreset3&#8243; box_shadow_vertical=\u00bb80px\u00bb box_shadow_blur=\u00bb80px\u00bb box_shadow_spread=\u00bb-55px\u00bb box_shadow_color=\u00bbrgba(0,0,0,0.57)\u00bb global_colors_info=\u00bb{}\u00bb][\/et_pb_fullwidth_header][\/et_pb_section][et_pb_section fb_built=\u00bb1&#8243; admin_label=\u00bbsection\u00bb _builder_version=\u00bb4.16&#8243; background_color=\u00bbRGBA(255,255,255,0)\u00bb custom_padding=\u00bb55px||110px||false|\u00bb global_colors_info=\u00bb{}\u00bb][et_pb_row column_structure=\u00bb1_3,1_3,1_3&#8243; use_custom_gutter=\u00bbon\u00bb gutter_width=\u00bb2&#8243; _builder_version=\u00bb4.16&#8243; _module_preset=\u00bb_initial\u00bb global_colors_info=\u00bb{}\u00bb][et_pb_column type=\u00bb1_3&#8243; _builder_version=\u00bb4.16&#8243; _module_preset=\u00bbdefault\u00bb animation_style=\u00bbslide\u00bb animation_direction=\u00bbbottom\u00bb animation_duration=\u00bb1250ms\u00bb animation_delay=\u00bb200ms\u00bb animation_intensity_slide=\u00bb8%\u00bb global_colors_info=\u00bb{}\u00bb][et_pb_blurb title=\u00bbTel\u00e9fono\u00bb image=\u00bbhttps:\/\/texteisleiper.pt\/wp-content\/uploads\/2021\/11\/phone.svg\u00bb image_icon_width=\u00bb120px\u00bb _builder_version=\u00bb4.19.0&#8243; _module_preset=\u00bbdefault\u00bb header_font=\u00bb|700|||||||\u00bb header_text_align=\u00bbcenter\u00bb header_font_size=\u00bb28px\u00bb body_text_align=\u00bbcenter\u00bb background_color=\u00bbRGBA(255,255,255,0)\u00bb custom_padding=\u00bb25px|25px|0px|25px|false|true\u00bb animation_style=\u00bbslide\u00bb animation_direction=\u00bbbottom\u00bb animation_duration=\u00bb1250ms\u00bb animation_delay=\u00bb200ms\u00bb animation_intensity_slide=\u00bb8%\u00bb custom_css_blurb_image=\u00bbmargin: 0px;\u00bb custom_css_blurb_title=\u00bbmargin: 30px 0 10px!important;\u00bb global_colors_info=\u00bb{}\u00bb]<\/p>\n<p>+351 253 423 790<br \/>+351 253 531 699<\/p>\n<p>[\/et_pb_blurb][et_pb_text _builder_version=\u00bb4.19.0&#8243; _module_preset=\u00bbdefault\u00bb text_font_size=\u00bb12px\u00bb text_line_height=\u00bb1.2em\u00bb text_orientation=\u00bbcenter\u00bb custom_margin=\u00bb10px||18px||false|false\u00bb locked=\u00bboff\u00bb global_colors_info=\u00bb{}\u00bb]<\/p>\n<p>(Llamada a red m\u00f3vil o fija seg\u00fan tu tarifa)<\/p>\n<p>[\/et_pb_text][\/et_pb_column][et_pb_column type=\u00bb1_3&#8243; _builder_version=\u00bb4.16&#8243; _module_preset=\u00bbdefault\u00bb animation_style=\u00bbslide\u00bb animation_direction=\u00bbbottom\u00bb animation_duration=\u00bb1250ms\u00bb animation_delay=\u00bb400ms\u00bb animation_intensity_slide=\u00bb8%\u00bb global_colors_info=\u00bb{}\u00bb][et_pb_blurb title=\u00bbEmail\u00bb image=\u00bbhttps:\/\/texteisleiper.pt\/wp-content\/uploads\/2021\/11\/mail.svg\u00bb image_icon_width=\u00bb155px\u00bb _builder_version=\u00bb4.16&#8243; _module_preset=\u00bbdefault\u00bb header_font=\u00bb|700|||||||\u00bb header_text_align=\u00bbcenter\u00bb header_font_size=\u00bb28px\u00bb body_text_align=\u00bbcenter\u00bb body_link_text_color=\u00bb#000000&#8243; background_color=\u00bbRGBA(255,255,255,0)\u00bb custom_padding=\u00bb25px|25px|25px|25px|true|true\u00bb animation_style=\u00bbslide\u00bb animation_direction=\u00bbbottom\u00bb animation_duration=\u00bb1250ms\u00bb animation_delay=\u00bb200ms\u00bb animation_intensity_slide=\u00bb8%\u00bb custom_css_blurb_image=\u00bbmargin: 0px;\u00bb custom_css_blurb_title=\u00bbmargin: 30px 0 10px!important;\u00bb global_colors_info=\u00bb{}\u00bb]<\/p>\n<p><a href=\"mailto:geral@texteisleiper.pt\">geral@texteisleiper.pt<\/a><br \/><a href=\"mailto:encomendas@texteisleiper.pt\">encomendas@texteisleiper.pt<\/a><\/p>\n<p>[\/et_pb_blurb][\/et_pb_column][et_pb_column type=\u00bb1_3&#8243; _builder_version=\u00bb4.16&#8243; _module_preset=\u00bbdefault\u00bb animation_style=\u00bbslide\u00bb animation_direction=\u00bbbottom\u00bb animation_duration=\u00bb1250ms\u00bb animation_delay=\u00bb600ms\u00bb animation_intensity_slide=\u00bb8%\u00bb global_colors_info=\u00bb{}\u00bb][et_pb_blurb title=\u00bbDirecci\u00f3n\u00bb image=\u00bbhttps:\/\/texteisleiper.pt\/wp-content\/uploads\/2021\/11\/location.svg\u00bb image_icon_width=\u00bb135px\u00bb _builder_version=\u00bb4.16&#8243; _module_preset=\u00bbdefault\u00bb header_font=\u00bb|700|||||||\u00bb header_text_align=\u00bbcenter\u00bb header_font_size=\u00bb28px\u00bb body_text_align=\u00bbcenter\u00bb background_color=\u00bbRGBA(255,255,255,0)\u00bb custom_padding=\u00bb25px|25px|25px|25px|true|true\u00bb animation_style=\u00bbslide\u00bb animation_direction=\u00bbbottom\u00bb animation_duration=\u00bb1250ms\u00bb animation_delay=\u00bb200ms\u00bb animation_intensity_slide=\u00bb8%\u00bb custom_css_blurb_image=\u00bbmargin: 0px;\u00bb custom_css_blurb_title=\u00bbmargin: 30px 0 10px!important;\u00bb global_colors_info=\u00bb{}\u00bb]<\/p>\n<p>Rua da Variante, Pousada, Gondar<br \/>4835-549 Guimar\u00e3es &#8211; Portugal<\/p>\n<p>[\/et_pb_blurb][\/et_pb_column][\/et_pb_row][\/et_pb_section][et_pb_section fb_built=\u00bb1&#8243; admin_label=\u00bbsection\u00bb _builder_version=\u00bb4.16&#8243; background_color=\u00bbRGBA(255,255,255,0)\u00bb custom_padding=\u00bb0px||100px||false|false\u00bb global_colors_info=\u00bb{}\u00bb][et_pb_row column_structure=\u00bb1_2,1_2&#8243; use_custom_gutter=\u00bbon\u00bb gutter_width=\u00bb1&#8243; make_equal=\u00bbon\u00bb _builder_version=\u00bb4.16&#8243; _module_preset=\u00bb59470367-c1dd-45cd-a0bc-1b75589e33e4&#8243; custom_margin=\u00bb0px||0px||true|false\u00bb custom_padding=\u00bb0px||0px||true|false\u00bb animation_style=\u00bbzoom\u00bb animation_direction=\u00bbbottom\u00bb animation_duration=\u00bb1200ms\u00bb animation_delay=\u00bb650ms\u00bb animation_intensity_zoom=\u00bb6%\u00bb custom_css_main_element=\u00bbalign-items: center;\u00bb box_shadow_style=\u00bbpreset3&#8243; box_shadow_blur=\u00bb80px\u00bb box_shadow_spread=\u00bb-20px\u00bb box_shadow_color=\u00bbrgba(0,0,0,0.25)\u00bb global_colors_info=\u00bb{}\u00bb][et_pb_column type=\u00bb1_2&#8243; _builder_version=\u00bb4.16&#8243; _module_preset=\u00bbdefault\u00bb global_colors_info=\u00bb{}\u00bb][dsm_embed_google_map address=\u00bbLeiper\u00bb _builder_version=\u00bb4.14.1&#8243; _module_preset=\u00bbdefault\u00bb height=\u00bb750px\u00bb global_colors_info=\u00bb{}\u00bb][\/dsm_embed_google_map][\/et_pb_column][et_pb_column type=\u00bb1_2&#8243; _builder_version=\u00bb4.16&#8243; _module_preset=\u00bbdefault\u00bb custom_padding=\u00bb5%|5%|5%|5%|true|true\u00bb custom_padding_tablet=\u00bb10%|10%|10%|10%|true|true\u00bb custom_padding_phone=\u00bb10%|10%|10%|10%|true|true\u00bb custom_padding_last_edited=\u00bbon|phone\u00bb global_colors_info=\u00bb{}\u00bb][et_pb_text _builder_version=\u00bb4.16&#8243; _module_preset=\u00bbdefault\u00bb header_3_font=\u00bb|600|||||||\u00bb header_3_text_align=\u00bbcenter\u00bb header_3_font_size=\u00bb30px\u00bb global_colors_info=\u00bb{}\u00bb]<\/p>\n<h3>Mandanos un mensaje<\/h3>\n<p>[\/et_pb_text][dsm_contact_form_7 cf7_library=\u00bb6013&#8243; show_validation=\u00bbon\u00bb button_alignment=\u00bbcenter\u00bb input_background_color=\u00bbRGBA(255,255,255,0)\u00bb admin_label=\u00bbSupreme Contact Form 7&#8243; _builder_version=\u00bb4.19.1&#8243; _module_preset=\u00bbdefault\u00bb labels_text_color=\u00bb#000000&#8243; input_textarea_select_font=\u00bb||||||||\u00bb placeholder_text_color=\u00bb#000000&#8243; radio_checkbox_font_size=\u00bb12px\u00bb custom_button_one=\u00bbon\u00bb button_one_text_color=\u00bb#000000&#8243; button_one_border_width=\u00bb2px\u00bb button_one_custom_padding=\u00bb|50px||50px|false|true\u00bb module_alignment=\u00bbcenter\u00bb hover_enabled=\u00bb0&#8243; button_one_border_color_last_edited=\u00bboff|desktop\u00bb border_width_bottom_image=\u00bb2px\u00bb border_color_bottom_image=\u00bb#000000&#8243; global_colors_info=\u00bb{}\u00bb button_one_text_color__hover_enabled=\u00bbon|hover\u00bb button_one_text_color__hover=\u00bb#FFFFFF\u00bb button_one_bg_color__hover_enabled=\u00bbon|desktop\u00bb button_one_bg_color__hover=\u00bb#000000&#8243; button_one_bg_enable_color__hover=\u00bbon\u00bb button_one_border_color__hover_enabled=\u00bbon|desktop\u00bb button_one_border_color__hover=\u00bb#000000&#8243; sticky_enabled=\u00bb0&#8243;][\/dsm_contact_form_7][\/et_pb_column][\/et_pb_row][\/et_pb_section]<\/p>\n","protected":false},"excerpt":{"rendered":"<p>+351 253 423 790+351 253 531 699(Llamada a red m\u00f3vil o fija seg\u00fan tu tarifa)geral@texteisleiper.ptencomendas@texteisleiper.ptRua da Variante, Pousada, Gondar4835-549 Guimar\u00e3es &#8211; Portugal<div class=\"et_pb_module dsm_embed_google_map dsm_embed_google_map_0\">\n\t\t\t\t\n\t\t\t\t\n\t\t\t\t\n\t\t\t\t\n\t\t\t\t\n\t\t\t\t\n\t\t\t\t<div class=\"et_pb_module_inner\">\n\t\t\t\t\t<iframe frameborder=\"0\" scrolling=\"no\" marginheight=\"0\" marginwidth=\"0\" src=\"https:\/\/maps.google.com\/maps?q=Leiper&amp;t=m&amp;z=10&amp;output=embed&amp;iwloc=near&hl=es_ES\" aria-label=\"Leiper\"><\/iframe>\n\t\t\t\t<\/div>\n\t\t\t<\/div>Mandanos un mensaje<div class=\"et_pb_with_border et_pb_module dsm_contact_form_7 dsm_contact_form_7_0\">\n\t\t\t\t\n\t\t\t\t\n\t\t\t\t\n\t\t\t\t\n\t\t\t\t\n\t\t\t\t\n\t\t\t\t<div class=\"et_pb_module_inner\">\n\t\t\t\t\t<div class=\"\">\n\t\t\t\t[contact-form-7 404 \"Not Found\"]\n\t\t\t<\/div>\n\t\t\t\t<\/div>\n\t\t\t<\/div><\/p>\n","protected":false},"author":2,"featured_media":0,"parent":0,"menu_order":0,"comment_status":"closed","ping_status":"closed","template":"","meta":{"_et_pb_use_builder":"on","_et_pb_old_content":"","_et_gb_content_width":"","inline_featured_image":false},"yoast_head":"<!-- This site is optimized with the Yoast SEO Premium plugin v20.8 (Yoast SEO v20.8) - https:\/\/yoast.com\/wordpress\/plugins\/seo\/ -->\n<title>Leiper\u00ae | \u00a1Cont\u00e1ctenos!<\/title>\n<meta name=\"description\" content=\"\u00a1Puede llamarnos, visitarnos o enviarnos un mensaje aqu\u00ed en cualquier momento! \u00a1Estaremos encantados de responder a sus preguntas!\" \/>\n<meta name=\"robots\" content=\"index, follow, max-snippet:-1, max-image-preview:large, max-video-preview:-1\" \/>\n<link rel=\"canonical\" href=\"https:\/\/texteisleiper.pt\/es\/contactos\/\" \/>\n<meta property=\"og:locale\" content=\"es_ES\" \/>\n<meta property=\"og:type\" content=\"article\" \/>\n<meta property=\"og:title\" content=\"Contactos\" \/>\n<meta property=\"og:description\" content=\"\u00a1Puede llamarnos, visitarnos o enviarnos un mensaje aqu\u00ed en cualquier momento! \u00a1Estaremos encantados de responder a sus preguntas!\" \/>\n<meta property=\"og:url\" content=\"https:\/\/texteisleiper.pt\/es\/contactos\/\" \/>\n<meta property=\"og:site_name\" content=\"Leiper\u00ae\" \/>\n<meta property=\"article:publisher\" content=\"https:\/\/www.facebook.com\/TexteisLeiper\" \/>\n<meta property=\"article:modified_time\" content=\"2022-11-23T15:32:45+00:00\" \/>\n<meta name=\"twitter:card\" content=\"summary_large_image\" \/>\n<meta name=\"twitter:label1\" content=\"Tiempo de lectura\" \/>\n\t<meta name=\"twitter:data1\" content=\"5 minutos\" \/>\n<script type=\"application\/ld+json\" class=\"yoast-schema-graph\">{\"@context\":\"https:\/\/schema.org\",\"@graph\":[{\"@type\":\"WebPage\",\"@id\":\"https:\/\/texteisleiper.pt\/es\/contactos\/\",\"url\":\"https:\/\/texteisleiper.pt\/es\/contactos\/\",\"name\":\"Leiper\u00ae | \u00a1Cont\u00e1ctenos!\",\"isPartOf\":{\"@id\":\"https:\/\/texteisleiper.pt\/#website\"},\"datePublished\":\"2015-01-15T16:38:25+00:00\",\"dateModified\":\"2022-11-23T15:32:45+00:00\",\"description\":\"\u00a1Puede llamarnos, visitarnos o enviarnos un mensaje aqu\u00ed en cualquier momento! \u00a1Estaremos encantados de responder a sus preguntas!\",\"breadcrumb\":{\"@id\":\"https:\/\/texteisleiper.pt\/es\/contactos\/#breadcrumb\"},\"inLanguage\":\"es\",\"potentialAction\":[{\"@type\":\"ReadAction\",\"target\":[\"https:\/\/texteisleiper.pt\/es\/contactos\/\"]}]},{\"@type\":\"BreadcrumbList\",\"@id\":\"https:\/\/texteisleiper.pt\/es\/contactos\/#breadcrumb\",\"itemListElement\":[{\"@type\":\"ListItem\",\"position\":1,\"name\":\"In\u00edcio\",\"item\":\"https:\/\/texteisleiper.pt\/\"},{\"@type\":\"ListItem\",\"position\":2,\"name\":\"Contactos\"}]},{\"@type\":\"WebSite\",\"@id\":\"https:\/\/texteisleiper.pt\/#website\",\"url\":\"https:\/\/texteisleiper.pt\/\",\"name\":\"T\u00eaxteis Leiper\u00ae\",\"description\":\"Thinking Home Textiles\",\"publisher\":{\"@id\":\"https:\/\/texteisleiper.pt\/#organization\"},\"potentialAction\":[{\"@type\":\"SearchAction\",\"target\":{\"@type\":\"EntryPoint\",\"urlTemplate\":\"https:\/\/texteisleiper.pt\/?s={search_term_string}\"},\"query-input\":\"required name=search_term_string\"}],\"inLanguage\":\"es\"},{\"@type\":\"Organization\",\"@id\":\"https:\/\/texteisleiper.pt\/#organization\",\"name\":\"T\u00eaxteis Leiper\u00ae\",\"url\":\"https:\/\/texteisleiper.pt\/\",\"logo\":{\"@type\":\"ImageObject\",\"inLanguage\":\"es\",\"@id\":\"https:\/\/texteisleiper.pt\/#\/schema\/logo\/image\/\",\"url\":\"https:\/\/texteisleiper.pt\/wp-content\/uploads\/2020\/01\/LOGO.1.png\",\"contentUrl\":\"https:\/\/texteisleiper.pt\/wp-content\/uploads\/2020\/01\/LOGO.1.png\",\"width\":444,\"height\":194,\"caption\":\"T\u00eaxteis Leiper\u00ae\"},\"image\":{\"@id\":\"https:\/\/texteisleiper.pt\/#\/schema\/logo\/image\/\"},\"sameAs\":[\"https:\/\/www.facebook.com\/TexteisLeiper\"]}]}<\/script>\n<!-- \/ Yoast SEO Premium plugin. -->","yoast_head_json":{"title":"Leiper\u00ae | \u00a1Cont\u00e1ctenos!","description":"\u00a1Puede llamarnos, visitarnos o enviarnos un mensaje aqu\u00ed en cualquier momento! \u00a1Estaremos encantados de responder a sus preguntas!","robots":{"index":"index","follow":"follow","max-snippet":"max-snippet:-1","max-image-preview":"max-image-preview:large","max-video-preview":"max-video-preview:-1"},"canonical":"https:\/\/texteisleiper.pt\/es\/contactos\/","og_locale":"es_ES","og_type":"article","og_title":"Contactos","og_description":"\u00a1Puede llamarnos, visitarnos o enviarnos un mensaje aqu\u00ed en cualquier momento! \u00a1Estaremos encantados de responder a sus preguntas!","og_url":"https:\/\/texteisleiper.pt\/es\/contactos\/","og_site_name":"Leiper\u00ae","article_publisher":"https:\/\/www.facebook.com\/TexteisLeiper","article_modified_time":"2022-11-23T15:32:45+00:00","twitter_card":"summary_large_image","twitter_misc":{"Tiempo de lectura":"5 minutos"},"schema":{"@context":"https:\/\/schema.org","@graph":[{"@type":"WebPage","@id":"https:\/\/texteisleiper.pt\/es\/contactos\/","url":"https:\/\/texteisleiper.pt\/es\/contactos\/","name":"Leiper\u00ae | \u00a1Cont\u00e1ctenos!","isPartOf":{"@id":"https:\/\/texteisleiper.pt\/#website"},"datePublished":"2015-01-15T16:38:25+00:00","dateModified":"2022-11-23T15:32:45+00:00","description":"\u00a1Puede llamarnos, visitarnos o enviarnos un mensaje aqu\u00ed en cualquier momento! \u00a1Estaremos encantados de responder a sus preguntas!","breadcrumb":{"@id":"https:\/\/texteisleiper.pt\/es\/contactos\/#breadcrumb"},"inLanguage":"es","potentialAction":[{"@type":"ReadAction","target":["https:\/\/texteisleiper.pt\/es\/contactos\/"]}]},{"@type":"BreadcrumbList","@id":"https:\/\/texteisleiper.pt\/es\/contactos\/#breadcrumb","itemListElement":[{"@type":"ListItem","position":1,"name":"In\u00edcio","item":"https:\/\/texteisleiper.pt\/"},{"@type":"ListItem","position":2,"name":"Contactos"}]},{"@type":"WebSite","@id":"https:\/\/texteisleiper.pt\/#website","url":"https:\/\/texteisleiper.pt\/","name":"T\u00eaxteis Leiper\u00ae","description":"Thinking Home Textiles","publisher":{"@id":"https:\/\/texteisleiper.pt\/#organization"},"potentialAction":[{"@type":"SearchAction","target":{"@type":"EntryPoint","urlTemplate":"https:\/\/texteisleiper.pt\/?s={search_term_string}"},"query-input":"required name=search_term_string"}],"inLanguage":"es"},{"@type":"Organization","@id":"https:\/\/texteisleiper.pt\/#organization","name":"T\u00eaxteis Leiper\u00ae","url":"https:\/\/texteisleiper.pt\/","logo":{"@type":"ImageObject","inLanguage":"es","@id":"https:\/\/texteisleiper.pt\/#\/schema\/logo\/image\/","url":"https:\/\/texteisleiper.pt\/wp-content\/uploads\/2020\/01\/LOGO.1.png","contentUrl":"https:\/\/texteisleiper.pt\/wp-content\/uploads\/2020\/01\/LOGO.1.png","width":444,"height":194,"caption":"T\u00eaxteis Leiper\u00ae"},"image":{"@id":"https:\/\/texteisleiper.pt\/#\/schema\/logo\/image\/"},"sameAs":["https:\/\/www.facebook.com\/TexteisLeiper"]}]}},"_links":{"self":[{"href":"https:\/\/texteisleiper.pt\/es\/wp-json\/wp\/v2\/pages\/5800"}],"collection":[{"href":"https:\/\/texteisleiper.pt\/es\/wp-json\/wp\/v2\/pages"}],"about":[{"href":"https:\/\/texteisleiper.pt\/es\/wp-json\/wp\/v2\/types\/page"}],"author":[{"embeddable":true,"href":"https:\/\/texteisleiper.pt\/es\/wp-json\/wp\/v2\/users\/2"}],"replies":[{"embeddable":true,"href":"https:\/\/texteisleiper.pt\/es\/wp-json\/wp\/v2\/comments?post=5800"}],"version-history":[{"count":4,"href":"https:\/\/texteisleiper.pt\/es\/wp-json\/wp\/v2\/pages\/5800\/revisions"}],"predecessor-version":[{"id":6018,"href":"https:\/\/texteisleiper.pt\/es\/wp-json\/wp\/v2\/pages\/5800\/revisions\/6018"}],"wp:attachment":[{"href":"https:\/\/texteisleiper.pt\/es\/wp-json\/wp\/v2\/media?parent=5800"}],"curies":[{"name":"wp","href":"https:\/\/api.w.org\/{rel}","templated":true}]}}