{"id":5802,"date":"2015-01-15T16:38:25","date_gmt":"2015-01-15T16:38:25","guid":{"rendered":"https:\/\/texteisleiper.pt\/contactos\/"},"modified":"2022-11-23T15:31:20","modified_gmt":"2022-11-23T15:31:20","slug":"contacts","status":"publish","type":"page","link":"https:\/\/texteisleiper.pt\/fr\/contacts\/","title":{"rendered":"Contacts"},"content":{"rendered":"<p>[et_pb_section fb_built=\u00a0\u00bb1&Prime; fullwidth=\u00a0\u00bbon\u00a0\u00bb admin_label=\u00a0\u00bbHeader\u00a0\u00bb _builder_version=\u00a0\u00bb4.16&Prime; _module_preset=\u00a0\u00bbdefault\u00a0\u00bb max_width=\u00a0\u00bb89%\u00a0\u00bb module_alignment=\u00a0\u00bbcenter\u00a0\u00bb global_colors_info=\u00a0\u00bb{}\u00a0\u00bb][et_pb_fullwidth_header title=\u00a0\u00bb@ET-DC@eyJkeW5hbWljIjp0cnVlLCJjb250ZW50IjoicG9zdF90aXRsZSIsInNldHRpbmdzIjp7ImJlZm9yZSI6IiIsImFmdGVyIjoiIn19@\u00a0\u00bb text_orientation=\u00a0\u00bbcenter\u00a0\u00bb background_overlay_color=\u00a0\u00bbrgba(0,0,0,0.45)\u00a0\u00bb _builder_version=\u00a0\u00bb4.16&Prime; _dynamic_attributes=\u00a0\u00bbtitle\u00a0\u00bb _module_preset=\u00a0\u00bbdefault\u00a0\u00bb title_font=\u00a0\u00bbUrbanist Thin||||||||\u00a0\u00bb title_text_align=\u00a0\u00bbcenter\u00a0\u00bb title_font_size=\u00a0\u00bb3.5vw\u00a0\u00bb background_image=\u00a0\u00bbhttps:\/\/texteisleiper.pt\/wp-content\/uploads\/2022\/11\/contact.jpg\u00a0\u00bb custom_button_one=\u00a0\u00bbon\u00a0\u00bb height=\u00a0\u00bb500px\u00a0\u00bb custom_margin=\u00a0\u00bb||50px|||\u00a0\u00bb title_font_size_tablet=\u00a0\u00bb54px\u00a0\u00bb title_font_size_phone=\u00a0\u00bb36px\u00a0\u00bb title_font_size_last_edited=\u00a0\u00bbon|desktop\u00a0\u00bb custom_css_header_container=\u00a0\u00bbheight: 100%;\u00a0\u00bb box_shadow_style=\u00a0\u00bbpreset3&Prime; box_shadow_vertical=\u00a0\u00bb80px\u00a0\u00bb box_shadow_blur=\u00a0\u00bb80px\u00a0\u00bb box_shadow_spread=\u00a0\u00bb-55px\u00a0\u00bb box_shadow_color=\u00a0\u00bbrgba(0,0,0,0.57)\u00a0\u00bb global_colors_info=\u00a0\u00bb{}\u00a0\u00bb][\/et_pb_fullwidth_header][\/et_pb_section][et_pb_section fb_built=\u00a0\u00bb1&Prime; admin_label=\u00a0\u00bbsection\u00a0\u00bb _builder_version=\u00a0\u00bb4.16&Prime; background_color=\u00a0\u00bbRGBA(255,255,255,0)\u00a0\u00bb custom_padding=\u00a0\u00bb55px||110px||false|\u00a0\u00bb global_colors_info=\u00a0\u00bb{}\u00a0\u00bb][et_pb_row column_structure=\u00a0\u00bb1_3,1_3,1_3&Prime; use_custom_gutter=\u00a0\u00bbon\u00a0\u00bb gutter_width=\u00a0\u00bb2&Prime; _builder_version=\u00a0\u00bb4.16&Prime; _module_preset=\u00a0\u00bb_initial\u00a0\u00bb global_colors_info=\u00a0\u00bb{}\u00a0\u00bb][et_pb_column type=\u00a0\u00bb1_3&Prime; _builder_version=\u00a0\u00bb4.16&Prime; _module_preset=\u00a0\u00bbdefault\u00a0\u00bb animation_style=\u00a0\u00bbslide\u00a0\u00bb animation_direction=\u00a0\u00bbbottom\u00a0\u00bb animation_duration=\u00a0\u00bb1250ms\u00a0\u00bb animation_delay=\u00a0\u00bb200ms\u00a0\u00bb animation_intensity_slide=\u00a0\u00bb8%\u00a0\u00bb global_colors_info=\u00a0\u00bb{}\u00a0\u00bb][et_pb_blurb title=\u00a0\u00bbT\u00e9l\u00e9phone\u00a0\u00bb image=\u00a0\u00bbhttps:\/\/texteisleiper.pt\/wp-content\/uploads\/2021\/11\/phone.svg\u00a0\u00bb image_icon_width=\u00a0\u00bb120px\u00a0\u00bb _builder_version=\u00a0\u00bb4.19.0&Prime; _module_preset=\u00a0\u00bbdefault\u00a0\u00bb header_font=\u00a0\u00bb|700|||||||\u00a0\u00bb header_text_align=\u00a0\u00bbcenter\u00a0\u00bb header_font_size=\u00a0\u00bb28px\u00a0\u00bb body_text_align=\u00a0\u00bbcenter\u00a0\u00bb background_color=\u00a0\u00bbRGBA(255,255,255,0)\u00a0\u00bb custom_padding=\u00a0\u00bb25px|25px|0px|25px|false|true\u00a0\u00bb animation_style=\u00a0\u00bbslide\u00a0\u00bb animation_direction=\u00a0\u00bbbottom\u00a0\u00bb animation_duration=\u00a0\u00bb1250ms\u00a0\u00bb animation_delay=\u00a0\u00bb200ms\u00a0\u00bb animation_intensity_slide=\u00a0\u00bb8%\u00a0\u00bb custom_css_blurb_image=\u00a0\u00bbmargin: 0px;\u00a0\u00bb custom_css_blurb_title=\u00a0\u00bbmargin: 30px 0 10px!important;\u00a0\u00bb global_colors_info=\u00a0\u00bb{}\u00a0\u00bb]<\/p>\n<p>+351 253 423 790<br \/>+351 253 531 699<\/p>\n<p>[\/et_pb_blurb][et_pb_text _builder_version=\u00a0\u00bb4.19.0&Prime; _module_preset=\u00a0\u00bbdefault\u00a0\u00bb text_font_size=\u00a0\u00bb12px\u00a0\u00bb text_line_height=\u00a0\u00bb1.2em\u00a0\u00bb text_orientation=\u00a0\u00bbcenter\u00a0\u00bb custom_margin=\u00a0\u00bb10px||18px||false|false\u00a0\u00bb locked=\u00a0\u00bboff\u00a0\u00bb global_colors_info=\u00a0\u00bb{}\u00a0\u00bb]<\/p>\n<p>(Appel vers r\u00e9seau mobile ou fixe selon votre tarif)<\/p>\n<p>[\/et_pb_text][\/et_pb_column][et_pb_column type=\u00a0\u00bb1_3&Prime; _builder_version=\u00a0\u00bb4.16&Prime; _module_preset=\u00a0\u00bbdefault\u00a0\u00bb animation_style=\u00a0\u00bbslide\u00a0\u00bb animation_direction=\u00a0\u00bbbottom\u00a0\u00bb animation_duration=\u00a0\u00bb1250ms\u00a0\u00bb animation_delay=\u00a0\u00bb400ms\u00a0\u00bb animation_intensity_slide=\u00a0\u00bb8%\u00a0\u00bb global_colors_info=\u00a0\u00bb{}\u00a0\u00bb][et_pb_blurb title=\u00a0\u00bbEmail\u00a0\u00bb image=\u00a0\u00bbhttps:\/\/texteisleiper.pt\/wp-content\/uploads\/2021\/11\/mail.svg\u00a0\u00bb image_icon_width=\u00a0\u00bb155px\u00a0\u00bb _builder_version=\u00a0\u00bb4.16&Prime; _module_preset=\u00a0\u00bbdefault\u00a0\u00bb header_font=\u00a0\u00bb|700|||||||\u00a0\u00bb header_text_align=\u00a0\u00bbcenter\u00a0\u00bb header_font_size=\u00a0\u00bb28px\u00a0\u00bb body_text_align=\u00a0\u00bbcenter\u00a0\u00bb body_link_text_color=\u00a0\u00bb#000000&Prime; background_color=\u00a0\u00bbRGBA(255,255,255,0)\u00a0\u00bb custom_padding=\u00a0\u00bb25px|25px|25px|25px|true|true\u00a0\u00bb animation_style=\u00a0\u00bbslide\u00a0\u00bb animation_direction=\u00a0\u00bbbottom\u00a0\u00bb animation_duration=\u00a0\u00bb1250ms\u00a0\u00bb animation_delay=\u00a0\u00bb200ms\u00a0\u00bb animation_intensity_slide=\u00a0\u00bb8%\u00a0\u00bb custom_css_blurb_image=\u00a0\u00bbmargin: 0px;\u00a0\u00bb custom_css_blurb_title=\u00a0\u00bbmargin: 30px 0 10px!important;\u00a0\u00bb global_colors_info=\u00a0\u00bb{}\u00a0\u00bb]<\/p>\n<p><a href=\"mailto:geral@texteisleiper.pt\">geral@texteisleiper.pt<\/a><br \/><a href=\"mailto:encomendas@texteisleiper.pt\">encomendas@texteisleiper.pt<\/a><\/p>\n<p>[\/et_pb_blurb][\/et_pb_column][et_pb_column type=\u00a0\u00bb1_3&Prime; _builder_version=\u00a0\u00bb4.16&Prime; _module_preset=\u00a0\u00bbdefault\u00a0\u00bb animation_style=\u00a0\u00bbslide\u00a0\u00bb animation_direction=\u00a0\u00bbbottom\u00a0\u00bb animation_duration=\u00a0\u00bb1250ms\u00a0\u00bb animation_delay=\u00a0\u00bb600ms\u00a0\u00bb animation_intensity_slide=\u00a0\u00bb8%\u00a0\u00bb global_colors_info=\u00a0\u00bb{}\u00a0\u00bb][et_pb_blurb title=\u00a0\u00bbAdresse\u00a0\u00bb image=\u00a0\u00bbhttps:\/\/texteisleiper.pt\/wp-content\/uploads\/2021\/11\/location.svg\u00a0\u00bb image_icon_width=\u00a0\u00bb135px\u00a0\u00bb _builder_version=\u00a0\u00bb4.16&Prime; _module_preset=\u00a0\u00bbdefault\u00a0\u00bb header_font=\u00a0\u00bb|700|||||||\u00a0\u00bb header_text_align=\u00a0\u00bbcenter\u00a0\u00bb header_font_size=\u00a0\u00bb28px\u00a0\u00bb body_text_align=\u00a0\u00bbcenter\u00a0\u00bb background_color=\u00a0\u00bbRGBA(255,255,255,0)\u00a0\u00bb custom_padding=\u00a0\u00bb25px|25px|25px|25px|true|true\u00a0\u00bb animation_style=\u00a0\u00bbslide\u00a0\u00bb animation_direction=\u00a0\u00bbbottom\u00a0\u00bb animation_duration=\u00a0\u00bb1250ms\u00a0\u00bb animation_delay=\u00a0\u00bb200ms\u00a0\u00bb animation_intensity_slide=\u00a0\u00bb8%\u00a0\u00bb custom_css_blurb_image=\u00a0\u00bbmargin: 0px;\u00a0\u00bb custom_css_blurb_title=\u00a0\u00bbmargin: 30px 0 10px!important;\u00a0\u00bb global_colors_info=\u00a0\u00bb{}\u00a0\u00bb]<\/p>\n<p>Rua da Variante, Pousada, Gondar<br \/>4835-549 Guimar\u00e3es &#8211; Portugal<\/p>\n<p>[\/et_pb_blurb][\/et_pb_column][\/et_pb_row][\/et_pb_section][et_pb_section fb_built=\u00a0\u00bb1&Prime; admin_label=\u00a0\u00bbsection\u00a0\u00bb _builder_version=\u00a0\u00bb4.16&Prime; background_color=\u00a0\u00bbRGBA(255,255,255,0)\u00a0\u00bb custom_padding=\u00a0\u00bb0px||100px||false|false\u00a0\u00bb global_colors_info=\u00a0\u00bb{}\u00a0\u00bb][et_pb_row column_structure=\u00a0\u00bb1_2,1_2&Prime; use_custom_gutter=\u00a0\u00bbon\u00a0\u00bb gutter_width=\u00a0\u00bb1&Prime; make_equal=\u00a0\u00bbon\u00a0\u00bb _builder_version=\u00a0\u00bb4.16&Prime; _module_preset=\u00a0\u00bb59470367-c1dd-45cd-a0bc-1b75589e33e4&Prime; custom_margin=\u00a0\u00bb0px||0px||true|false\u00a0\u00bb custom_padding=\u00a0\u00bb0px||0px||true|false\u00a0\u00bb animation_style=\u00a0\u00bbzoom\u00a0\u00bb animation_direction=\u00a0\u00bbbottom\u00a0\u00bb animation_duration=\u00a0\u00bb1200ms\u00a0\u00bb animation_delay=\u00a0\u00bb650ms\u00a0\u00bb animation_intensity_zoom=\u00a0\u00bb6%\u00a0\u00bb custom_css_main_element=\u00a0\u00bbalign-items: center;\u00a0\u00bb box_shadow_style=\u00a0\u00bbpreset3&Prime; box_shadow_blur=\u00a0\u00bb80px\u00a0\u00bb box_shadow_spread=\u00a0\u00bb-20px\u00a0\u00bb box_shadow_color=\u00a0\u00bbrgba(0,0,0,0.25)\u00a0\u00bb global_colors_info=\u00a0\u00bb{}\u00a0\u00bb][et_pb_column type=\u00a0\u00bb1_2&Prime; _builder_version=\u00a0\u00bb4.16&Prime; _module_preset=\u00a0\u00bbdefault\u00a0\u00bb global_colors_info=\u00a0\u00bb{}\u00a0\u00bb][dsm_embed_google_map address=\u00a0\u00bbLeiper\u00a0\u00bb _builder_version=\u00a0\u00bb4.14.1&Prime; _module_preset=\u00a0\u00bbdefault\u00a0\u00bb height=\u00a0\u00bb750px\u00a0\u00bb global_colors_info=\u00a0\u00bb{}\u00a0\u00bb][\/dsm_embed_google_map][\/et_pb_column][et_pb_column type=\u00a0\u00bb1_2&Prime; _builder_version=\u00a0\u00bb4.16&Prime; _module_preset=\u00a0\u00bbdefault\u00a0\u00bb custom_padding=\u00a0\u00bb5%|5%|5%|5%|true|true\u00a0\u00bb custom_padding_tablet=\u00a0\u00bb10%|10%|10%|10%|true|true\u00a0\u00bb custom_padding_phone=\u00a0\u00bb10%|10%|10%|10%|true|true\u00a0\u00bb custom_padding_last_edited=\u00a0\u00bbon|phone\u00a0\u00bb global_colors_info=\u00a0\u00bb{}\u00a0\u00bb][et_pb_text _builder_version=\u00a0\u00bb4.19.1&Prime; _module_preset=\u00a0\u00bbdefault\u00a0\u00bb header_3_font=\u00a0\u00bb|600|||||||\u00a0\u00bb header_3_text_align=\u00a0\u00bbcenter\u00a0\u00bb header_3_font_size=\u00a0\u00bb30px\u00a0\u00bb global_colors_info=\u00a0\u00bb{}\u00a0\u00bb]<\/p>\n<h3>Envoyez-nous un message<\/h3>\n<p>[\/et_pb_text][dsm_contact_form_7 cf7_library=\u00a0\u00bb6015&Prime; show_validation=\u00a0\u00bbon\u00a0\u00bb button_alignment=\u00a0\u00bbcenter\u00a0\u00bb input_background_color=\u00a0\u00bbRGBA(255,255,255,0)\u00a0\u00bb admin_label=\u00a0\u00bbSupreme Contact Form 7&Prime; _builder_version=\u00a0\u00bb4.19.1&Prime; _module_preset=\u00a0\u00bbdefault\u00a0\u00bb labels_text_color=\u00a0\u00bb#000000&Prime; input_textarea_select_font=\u00a0\u00bb||||||||\u00a0\u00bb placeholder_text_color=\u00a0\u00bb#000000&Prime; radio_checkbox_font_size=\u00a0\u00bb12px\u00a0\u00bb custom_button_one=\u00a0\u00bbon\u00a0\u00bb button_one_text_color=\u00a0\u00bb#000000&Prime; button_one_border_width=\u00a0\u00bb2px\u00a0\u00bb button_one_custom_padding=\u00a0\u00bb|50px||50px|false|true\u00a0\u00bb module_alignment=\u00a0\u00bbcenter\u00a0\u00bb hover_enabled=\u00a0\u00bb0&Prime; button_one_border_color_last_edited=\u00a0\u00bboff|desktop\u00a0\u00bb border_width_bottom_image=\u00a0\u00bb2px\u00a0\u00bb border_color_bottom_image=\u00a0\u00bb#000000&Prime; global_colors_info=\u00a0\u00bb{}\u00a0\u00bb button_one_text_color__hover_enabled=\u00a0\u00bbon|hover\u00a0\u00bb button_one_text_color__hover=\u00a0\u00bb#FFFFFF\u00a0\u00bb button_one_bg_color__hover_enabled=\u00a0\u00bbon|desktop\u00a0\u00bb button_one_bg_color__hover=\u00a0\u00bb#000000&Prime; button_one_bg_enable_color__hover=\u00a0\u00bbon\u00a0\u00bb button_one_border_color__hover_enabled=\u00a0\u00bbon|desktop\u00a0\u00bb button_one_border_color__hover=\u00a0\u00bb#000000&Prime; sticky_enabled=\u00a0\u00bb0&Prime;][\/dsm_contact_form_7][\/et_pb_column][\/et_pb_row][\/et_pb_section]<\/p>\n","protected":false},"excerpt":{"rendered":"<p>+351 253 423 790+351 253 531 699(Appel vers r\u00e9seau mobile ou fixe selon votre tarif)geral@texteisleiper.ptencomendas@texteisleiper.ptRua da Variante, Pousada, Gondar4835-549 Guimar\u00e3es &#8211; Portugal<div class=\"et_pb_module dsm_embed_google_map dsm_embed_google_map_0\">\n\t\t\t\t\n\t\t\t\t\n\t\t\t\t\n\t\t\t\t\n\t\t\t\t\n\t\t\t\t\n\t\t\t\t<div class=\"et_pb_module_inner\">\n\t\t\t\t\t<iframe frameborder=\"0\" scrolling=\"no\" marginheight=\"0\" marginwidth=\"0\" src=\"https:\/\/maps.google.com\/maps?q=Leiper&amp;t=m&amp;z=10&amp;output=embed&amp;iwloc=near&hl=fr_FR\" aria-label=\"Leiper\"><\/iframe>\n\t\t\t\t<\/div>\n\t\t\t<\/div>Envoyez-nous un message<div class=\"et_pb_with_border et_pb_module dsm_contact_form_7 dsm_contact_form_7_0\">\n\t\t\t\t\n\t\t\t\t\n\t\t\t\t\n\t\t\t\t\n\t\t\t\t\n\t\t\t\t\n\t\t\t\t<div class=\"et_pb_module_inner\">\n\t\t\t\t\t<div class=\"\">\n\t\t\t\t[contact-form-7 404 \"Not Found\"]\n\t\t\t<\/div>\n\t\t\t\t<\/div>\n\t\t\t<\/div><\/p>\n","protected":false},"author":2,"featured_media":0,"parent":0,"menu_order":0,"comment_status":"closed","ping_status":"closed","template":"","meta":{"_et_pb_use_builder":"on","_et_pb_old_content":"","_et_gb_content_width":"","inline_featured_image":false},"yoast_head":"<!-- This site is optimized with the Yoast SEO Premium plugin v20.8 (Yoast SEO v20.8) - https:\/\/yoast.com\/wordpress\/plugins\/seo\/ -->\n<title>Leiper\u00ae | Contactez-nous!<\/title>\n<meta name=\"description\" content=\"Vous pouvez nous appeler ou nous rendre visite ou nous envoyer un message ici \u00e0 tout moment ! Nous serons heureux de r\u00e9pondre \u00e0 vos questions !\" \/>\n<meta name=\"robots\" content=\"index, follow, max-snippet:-1, max-image-preview:large, max-video-preview:-1\" \/>\n<link rel=\"canonical\" href=\"https:\/\/texteisleiper.pt\/fr\/contacts\/\" \/>\n<meta property=\"og:locale\" content=\"fr_FR\" \/>\n<meta property=\"og:type\" content=\"article\" \/>\n<meta property=\"og:title\" content=\"Contacts\" \/>\n<meta property=\"og:description\" content=\"Vous pouvez nous appeler ou nous rendre visite ou nous envoyer un message ici \u00e0 tout moment ! Nous serons heureux de r\u00e9pondre \u00e0 vos questions !\" \/>\n<meta property=\"og:url\" content=\"https:\/\/texteisleiper.pt\/fr\/contacts\/\" \/>\n<meta property=\"og:site_name\" content=\"Leiper\u00ae\" \/>\n<meta property=\"article:publisher\" content=\"https:\/\/www.facebook.com\/TexteisLeiper\" \/>\n<meta property=\"article:modified_time\" content=\"2022-11-23T15:31:20+00:00\" \/>\n<meta name=\"twitter:card\" content=\"summary_large_image\" \/>\n<meta name=\"twitter:label1\" content=\"Dur\u00e9e de lecture estim\u00e9e\" \/>\n\t<meta name=\"twitter:data1\" content=\"5 minutes\" \/>\n<script type=\"application\/ld+json\" class=\"yoast-schema-graph\">{\"@context\":\"https:\/\/schema.org\",\"@graph\":[{\"@type\":\"WebPage\",\"@id\":\"https:\/\/texteisleiper.pt\/fr\/contacts\/\",\"url\":\"https:\/\/texteisleiper.pt\/fr\/contacts\/\",\"name\":\"Leiper\u00ae | Contactez-nous!\",\"isPartOf\":{\"@id\":\"https:\/\/texteisleiper.pt\/#website\"},\"datePublished\":\"2015-01-15T16:38:25+00:00\",\"dateModified\":\"2022-11-23T15:31:20+00:00\",\"description\":\"Vous pouvez nous appeler ou nous rendre visite ou nous envoyer un message ici \u00e0 tout moment ! Nous serons heureux de r\u00e9pondre \u00e0 vos questions !\",\"breadcrumb\":{\"@id\":\"https:\/\/texteisleiper.pt\/fr\/contacts\/#breadcrumb\"},\"inLanguage\":\"fr-FR\",\"potentialAction\":[{\"@type\":\"ReadAction\",\"target\":[\"https:\/\/texteisleiper.pt\/fr\/contacts\/\"]}]},{\"@type\":\"BreadcrumbList\",\"@id\":\"https:\/\/texteisleiper.pt\/fr\/contacts\/#breadcrumb\",\"itemListElement\":[{\"@type\":\"ListItem\",\"position\":1,\"name\":\"In\u00edcio\",\"item\":\"https:\/\/texteisleiper.pt\/\"},{\"@type\":\"ListItem\",\"position\":2,\"name\":\"Contacts\"}]},{\"@type\":\"WebSite\",\"@id\":\"https:\/\/texteisleiper.pt\/#website\",\"url\":\"https:\/\/texteisleiper.pt\/\",\"name\":\"T\u00eaxteis Leiper\u00ae\",\"description\":\"Thinking Home Textiles\",\"publisher\":{\"@id\":\"https:\/\/texteisleiper.pt\/#organization\"},\"potentialAction\":[{\"@type\":\"SearchAction\",\"target\":{\"@type\":\"EntryPoint\",\"urlTemplate\":\"https:\/\/texteisleiper.pt\/?s={search_term_string}\"},\"query-input\":\"required name=search_term_string\"}],\"inLanguage\":\"fr-FR\"},{\"@type\":\"Organization\",\"@id\":\"https:\/\/texteisleiper.pt\/#organization\",\"name\":\"T\u00eaxteis Leiper\u00ae\",\"url\":\"https:\/\/texteisleiper.pt\/\",\"logo\":{\"@type\":\"ImageObject\",\"inLanguage\":\"fr-FR\",\"@id\":\"https:\/\/texteisleiper.pt\/#\/schema\/logo\/image\/\",\"url\":\"https:\/\/texteisleiper.pt\/wp-content\/uploads\/2020\/01\/LOGO.1.png\",\"contentUrl\":\"https:\/\/texteisleiper.pt\/wp-content\/uploads\/2020\/01\/LOGO.1.png\",\"width\":444,\"height\":194,\"caption\":\"T\u00eaxteis Leiper\u00ae\"},\"image\":{\"@id\":\"https:\/\/texteisleiper.pt\/#\/schema\/logo\/image\/\"},\"sameAs\":[\"https:\/\/www.facebook.com\/TexteisLeiper\"]}]}<\/script>\n<!-- \/ Yoast SEO Premium plugin. -->","yoast_head_json":{"title":"Leiper\u00ae | Contactez-nous!","description":"Vous pouvez nous appeler ou nous rendre visite ou nous envoyer un message ici \u00e0 tout moment ! Nous serons heureux de r\u00e9pondre \u00e0 vos questions !","robots":{"index":"index","follow":"follow","max-snippet":"max-snippet:-1","max-image-preview":"max-image-preview:large","max-video-preview":"max-video-preview:-1"},"canonical":"https:\/\/texteisleiper.pt\/fr\/contacts\/","og_locale":"fr_FR","og_type":"article","og_title":"Contacts","og_description":"Vous pouvez nous appeler ou nous rendre visite ou nous envoyer un message ici \u00e0 tout moment ! Nous serons heureux de r\u00e9pondre \u00e0 vos questions !","og_url":"https:\/\/texteisleiper.pt\/fr\/contacts\/","og_site_name":"Leiper\u00ae","article_publisher":"https:\/\/www.facebook.com\/TexteisLeiper","article_modified_time":"2022-11-23T15:31:20+00:00","twitter_card":"summary_large_image","twitter_misc":{"Dur\u00e9e de lecture estim\u00e9e":"5 minutes"},"schema":{"@context":"https:\/\/schema.org","@graph":[{"@type":"WebPage","@id":"https:\/\/texteisleiper.pt\/fr\/contacts\/","url":"https:\/\/texteisleiper.pt\/fr\/contacts\/","name":"Leiper\u00ae | Contactez-nous!","isPartOf":{"@id":"https:\/\/texteisleiper.pt\/#website"},"datePublished":"2015-01-15T16:38:25+00:00","dateModified":"2022-11-23T15:31:20+00:00","description":"Vous pouvez nous appeler ou nous rendre visite ou nous envoyer un message ici \u00e0 tout moment ! Nous serons heureux de r\u00e9pondre \u00e0 vos questions !","breadcrumb":{"@id":"https:\/\/texteisleiper.pt\/fr\/contacts\/#breadcrumb"},"inLanguage":"fr-FR","potentialAction":[{"@type":"ReadAction","target":["https:\/\/texteisleiper.pt\/fr\/contacts\/"]}]},{"@type":"BreadcrumbList","@id":"https:\/\/texteisleiper.pt\/fr\/contacts\/#breadcrumb","itemListElement":[{"@type":"ListItem","position":1,"name":"In\u00edcio","item":"https:\/\/texteisleiper.pt\/"},{"@type":"ListItem","position":2,"name":"Contacts"}]},{"@type":"WebSite","@id":"https:\/\/texteisleiper.pt\/#website","url":"https:\/\/texteisleiper.pt\/","name":"T\u00eaxteis Leiper\u00ae","description":"Thinking Home Textiles","publisher":{"@id":"https:\/\/texteisleiper.pt\/#organization"},"potentialAction":[{"@type":"SearchAction","target":{"@type":"EntryPoint","urlTemplate":"https:\/\/texteisleiper.pt\/?s={search_term_string}"},"query-input":"required name=search_term_string"}],"inLanguage":"fr-FR"},{"@type":"Organization","@id":"https:\/\/texteisleiper.pt\/#organization","name":"T\u00eaxteis Leiper\u00ae","url":"https:\/\/texteisleiper.pt\/","logo":{"@type":"ImageObject","inLanguage":"fr-FR","@id":"https:\/\/texteisleiper.pt\/#\/schema\/logo\/image\/","url":"https:\/\/texteisleiper.pt\/wp-content\/uploads\/2020\/01\/LOGO.1.png","contentUrl":"https:\/\/texteisleiper.pt\/wp-content\/uploads\/2020\/01\/LOGO.1.png","width":444,"height":194,"caption":"T\u00eaxteis Leiper\u00ae"},"image":{"@id":"https:\/\/texteisleiper.pt\/#\/schema\/logo\/image\/"},"sameAs":["https:\/\/www.facebook.com\/TexteisLeiper"]}]}},"_links":{"self":[{"href":"https:\/\/texteisleiper.pt\/fr\/wp-json\/wp\/v2\/pages\/5802"}],"collection":[{"href":"https:\/\/texteisleiper.pt\/fr\/wp-json\/wp\/v2\/pages"}],"about":[{"href":"https:\/\/texteisleiper.pt\/fr\/wp-json\/wp\/v2\/types\/page"}],"author":[{"embeddable":true,"href":"https:\/\/texteisleiper.pt\/fr\/wp-json\/wp\/v2\/users\/2"}],"replies":[{"embeddable":true,"href":"https:\/\/texteisleiper.pt\/fr\/wp-json\/wp\/v2\/comments?post=5802"}],"version-history":[{"count":6,"href":"https:\/\/texteisleiper.pt\/fr\/wp-json\/wp\/v2\/pages\/5802\/revisions"}],"predecessor-version":[{"id":6016,"href":"https:\/\/texteisleiper.pt\/fr\/wp-json\/wp\/v2\/pages\/5802\/revisions\/6016"}],"wp:attachment":[{"href":"https:\/\/texteisleiper.pt\/fr\/wp-json\/wp\/v2\/media?parent=5802"}],"curies":[{"name":"wp","href":"https:\/\/api.w.org\/{rel}","templated":true}]}}